{"id":5348,"date":"2019-05-08T12:14:33","date_gmt":"2019-05-08T11:14:33","guid":{"rendered":"https:\/\/champagne-oudart.com\/?page_id=5348"},"modified":"2021-10-15T12:26:44","modified_gmt":"2021-10-15T11:26:44","slug":"hometemp","status":"publish","type":"page","link":"https:\/\/champagne-oudart.com\/en\/","title":{"rendered":"Home"},"content":{"rendered":"<h1 class=\"home_h1\">\n<\/h1>\n\n\n\n<section class=\"home_section\" id=\"home_section_1\">\n    <h2 class=\"home_section_title home_section_title_mobile\"><a href=\"https:\/\/champagne-oudart.com\/en\/la-maison\/\">The House<\/a><\/h2>\n    <div class=\"pic_p_btn\">\n        <div class=\"image_parent_home\">\n            <img decoding=\"async\" src=\"https:\/\/champagne-oudart.com\/wp-content\/uploads\/2016\/11\/IMG_88302.jpg\" alt=\"domaine Etienne Oudart\" class=\"hat_pic\">\n        <\/div>\n        <div class=\"home_container\">\n    <h2 class=\"home_section_title home_section_title_desktop\"><a href=\"https:\/\/champagne-oudart.com\/en\/la-maison\/\" class=\"title_desktop_section1\">The House<\/a><\/h2>\n            <div class=\"home_p home_p_section1\">The Etienne Oudart Champagne House is extremely concerned with its product quality. The team works according to the House's values. We respect the environment and care for our customers.\n            <\/div>\n            <div class=\"home_button_container\" id=\"home_button_container1\">\n                <button class=\"button\">\n                    <a href=\"https:\/\/champagne-oudart.com\/en\/la-maison\/\">\n                        The House\n                    <\/a>\n                <\/button>\n            <\/div>\n        <\/div>\n    <\/div>\n<\/section>\n\n\n\n<section class=\"home_section\" id=\"home_section_2\">\n    <h2 class=\"home_section_title home_section_title_mobile home_section_title_2\"><a href=\"https:\/\/champagne-oudart.com\/en\/notre-gamme\/\">Our range<\/a><\/h2>\n    <div class=\"section2_block\">\n        <h2 class=\"home_section_title home_section_title_desktop home_section_title_2\">\n            <a href=\"https:\/\/champagne-oudart.com\/en\/notre-gamme\/\">\n                Our range\n            <\/a>\n        <\/h2>\n        <div class=\"home_p home_p_section2\">The Etienne Oudart champagnes are made with care, in order to offer a great product quality. Our range is made of various wines, whether generous, elegant or intense.\n        <\/div>\n        <div class=\"home_button_container\" id=\"home_button_container2\">\n            <button class=\"button\">\n                <a href=\"https:\/\/champagne-oudart.com\/en\/notre-gamme\/\">\n                    Discover the shop\n                <\/a>\n            <\/button>\n        <\/div>\n    <\/div>\n    <div class=\"gif_n_p\">\n        <div class=\"gif_container\">\n            \n<video autoplay=\"true\" muted=\"\" loop=\"\" id=\"myvideo\" class=\"video\">\n               <source src=\"https:\/\/champagne-oudart.com\/wp-content\/uploads\/2019\/10\/accueil_notregamme.mp4\" type=\"video\/mp4\" id=\"video_inner\">\n            <\/video>\n\n        <\/div>\n    <\/div>\n<\/section>\n\n\n\n<section class=\"home_section\" id=\"home_section_3\">\n<h2 class=\"home_section_title home_section_title_mobile\"><a href=\"http:\/\/google.fr\">Le Manoir des Ar\u00f4mes<\/a><\/h2>\n<div class=\"section3_img_p_container\">\n<div class=\"section_3_img_container\">\n\n<video autoplay=\"true\" muted=\"\" loop=\"\" id=\"myvideo2\" class=\"video\">\n               <source src=\"https:\/\/champagne-oudart.com\/wp-content\/uploads\/2019\/10\/accueil_manoirdesaromes.mp4.mp4\" type=\"video\/mp4\" id=\"video_inner2\">\n            <\/video>\n\n<\/div>\n<div class=\"section3_p_btn\">\n<h2 class=\"home_section_title home_section_title_desktop\"><a href=\"http:\/\/google.fr\">The \"Manoir des Ar\u00f4mes\"<\/a><\/h2>\n<div class=\"home_p home_p_section3\">Karinne and Jacques welcome you to their haven of peace. In the middle of the vineyards of Champagne, discover the cottages and the cottage, to escape \"Le Temps d'un Instant\".<\/div>\n<div class=\"home_button_container\" id=\"home_button_container3\">\n<button class=\"button\">\n<a href=\"https:\/\/lemanoirdesaromes.com\/\">\nDiscover the Manoir\n<\/a>\n<\/button>\n<\/div>\n<\/div>\n<\/div>\n<\/div>\n<\/section>\n\n\n\n<!--\n<section class=\"home_section\" id=\"home_section_4\">\n    <h2 class=\"home_section_title_mobile\">Contact<\/h2>\n    <div class=\"section4_img_container\"><img decoding=\"async\" src=\"https:\/\/champagne-oudart.com\/wp-content\/uploads\/2019\/06\/bottles.png\" alt=\"\"><\/div>\n    <div class=\"home_section4_block\">\n    <h2 class=\"home_section_title_desktop\">Contact<\/h2>\n        <div class=\"home_socials\">\n            <div class=\"home_social home_social_fb\">\n                <a href=\"https:\/\/www.facebook.com\/ChampagneEtienneOudart\/\">\n                    <i class=\"icon-facebook fab fa-facebook-f\">\n                    <\/i>\n                <\/a>\n            <\/div>\n            <div class=\"home_social home_social_li\">\n                <a href=\"https:\/\/www.linkedin.com\/company\/champagne-etienne-oudart\/\">\n                    <i class=\"icon-linkedin fab fa-linkedin-in\">\n                    <\/i>\n                <\/a>\n            <\/div>\n            <div class=\"home_social home_social_insta\">\n                <a href=\"https:\/\/www.instagram.com\/champagne_oudart\/\">\n                    <i class=\"icon-instagram fab fa-instagram\">\n                    <\/i>\n                <\/a>\n            <\/div>\n\n        <\/div>\n        <div class=\"home_horaires\">\n            <p>Du lundi au vendredi 10h30-16h30<\/p>\n            <p>En dehors de ces horaires, uniquement sur rendez-vous<\/p>\n        <\/div>\n        <div class=\"home_coordonnees\">\n            <p class=\"home_adresse\">15, rue de la Grange Jabled<\/p>\n<p class=\"home_adresse\">51530 BRUGNY<\/p>\n            <div class=\"home_coordinates_links\">\n                <p>\n                    <a href=\"mailto:contact@champagne-oudart.com\">\n                        <i class=\"fas fa-envelope\"><\/i>\n                    <\/a>\n                <\/p>\n                <p>\n                    <a href=\"tel:+33326599801\">\n                        <i class=\"fas fa-phone\"><\/i>\n                    <\/a>\n                <\/p>\n        <div class=\"home_button_container\" id=\"home_button_container4\">\n            <button class=\"button\">\n                <a href=\"https:\/\/champagne-oudart.com\/contact\/\">\n                    Contactez-nous\n                <\/a>\n            <\/button>\n        <\/div>\n            <\/div>\n        <\/div>\n\n    <\/div>\n<\/section>\n-->","protected":false},"excerpt":{"rendered":"<p>La Maison La Maison La maison Etienne Oudart apporte un soin extr\u00eame \u00e0 la qualit\u00e9 de ses produits. L&rsquo;\u00e9quipe travaille dans le respect des valeurs de la maison, telles que le respect de l\u2019environnement et de ses clients. D\u00e9couvrir la Maison Notre gamme Notre gamme Les champagnes Etienne Oudart sont \u00e9labor\u00e9s avec soin pour proposer [&hellip;]<\/p>","protected":false},"author":8,"featured_media":0,"parent":0,"menu_order":0,"comment_status":"closed","ping_status":"closed","template":"","meta":{"footnotes":""},"class_list":["post-5348","page","type-page","status-publish","hentry"],"_links":{"self":[{"href":"https:\/\/champagne-oudart.com\/en\/wp-json\/wp\/v2\/pages\/5348","targetHints":{"allow":["GET"]}}],"collection":[{"href":"https:\/\/champagne-oudart.com\/en\/wp-json\/wp\/v2\/pages"}],"about":[{"href":"https:\/\/champagne-oudart.com\/en\/wp-json\/wp\/v2\/types\/page"}],"author":[{"embeddable":true,"href":"https:\/\/champagne-oudart.com\/en\/wp-json\/wp\/v2\/users\/8"}],"replies":[{"embeddable":true,"href":"https:\/\/champagne-oudart.com\/en\/wp-json\/wp\/v2\/comments?post=5348"}],"version-history":[{"count":156,"href":"https:\/\/champagne-oudart.com\/en\/wp-json\/wp\/v2\/pages\/5348\/revisions"}],"predecessor-version":[{"id":8551,"href":"https:\/\/champagne-oudart.com\/en\/wp-json\/wp\/v2\/pages\/5348\/revisions\/8551"}],"wp:attachment":[{"href":"https:\/\/champagne-oudart.com\/en\/wp-json\/wp\/v2\/media?parent=5348"}],"curies":[{"name":"wp","href":"https:\/\/api.w.org\/{rel}","templated":true}]}}