{"id":5359,"date":"2019-05-08T13:38:22","date_gmt":"2019-05-08T12:38:22","guid":{"rendered":"https:\/\/champagne-oudart.com\/?page_id=5359"},"modified":"2022-04-28T21:24:52","modified_gmt":"2022-04-28T20:24:52","slug":"la-maison","status":"publish","type":"page","link":"https:\/\/champagne-oudart.com\/en\/la-maison\/","title":{"rendered":"The House"},"content":{"rendered":"<h1>\n<div class=\"category_header_title\">\nThe House\n<\/div>\n<\/h1>\n\n\n\n<div class=\"the_house_container\">\n\n\n\n<div class=\"the_house_section the_house_section1 the_house_section_odd\">\n<div class=\"house_left_container house_pic_container house_pic_container_desktop\">\n<img decoding=\"async\" class=\"house_img\" src=\"https:\/\/champagne-oudart.com\/wp-content\/uploads\/2020\/09\/content-la-maison-4.jpg\">\n<\/div>\n<div class=\"house_right_container house_text_container house_text_container1\">\n<h5 class=\"house_title\">A real legacy<\/h5>\n<div class=\"house_left_container house_pic_container house_pic_container_mobile\">\n<img decoding=\"async\" class=\"house_img\" src=\"https:\/\/champagne-oudart.com\/wp-content\/uploads\/2020\/09\/content-la-maison-4.jpg\">\n<\/div>\n<div class=\"house_paragraph\">\nAu 19\u00e8me si\u00e8cle, Albertine et Damas OUDART, grands-parents d\u2019Etienne OUDART, s\u2019installent et ach\u00e8tent une ferme de treize hectares \u00e0 Brugny qu\u2019ils l\u00e8guent ensuite \u00e0 leur fils Gabriel. Celui-ci reprend l\u2019activit\u00e9 agricole avec son \u00e9pouse Yvonne et acquiert treize autres hectares de terre, l\u00e9guant ainsi \u00e0 ses fils, Etienne et Fran\u00e7ois, une activit\u00e9 dot\u00e9e de 26 hectares de terre, dont 1Ha20 sous appellation Champagne.\n<\/div>\n<\/div>\n<\/div>\n\n\n\n<div class=\"the_house_section the_house_section2 the_house_section_even\">\n<div class=\"house_left_container house_text_container house_text_container2\">\n<h5 class=\"house_title\">A devoted life<\/h5>\n<div class=\"house_right_container house_pic_container house_pic_container_mobile\">\n<img decoding=\"async\" class=\"house_img\" src=\"https:\/\/champagne-oudart.com\/wp-content\/uploads\/2020\/09\/content-la-maison-5-scaled.jpg\">\n<\/div>\n<div class=\"house_paragraph\">\nIn 1958, Etienne plants the vines on this surface of 1Ha20. He looks to the future, waiting three years for his vines to produce. Accompanied by his wife Juliana, the couple, passionate and voluntary, decides to champagniser, signing a symbolic step: the marketing of champagne under the brand \"Champagne Etienne OUDART\". Both devote their daily life to it: Juliana develops the clientele by writing to her relatives in Belgium and France, Etienne buys land to extend the vineyard and the potential of production.\n<\/div>\n<\/div>\n<div class=\"house_right_container house_pic_container house_pic_container_desktop\">\n<img decoding=\"async\" class=\"house_img\" src=\"https:\/\/champagne-oudart.com\/wp-content\/uploads\/2020\/09\/content-la-maison-5-scaled.jpg\">\n<\/div>\n<\/div>\n\n\n\n<div class=\"the_house_section the_house_section3 the_house_section_odd\">\n<div class=\"house_left_container house_pic_container house_pic_container_desktop\">\n<img decoding=\"async\" class=\"house_img\" src=\"https:\/\/champagne-oudart.com\/wp-content\/uploads\/2020\/09\/content-la-maison.jpg\">\n<\/div>\n<div class=\"house_right_container house_text_container house_text_container3\">\n<h5 class=\"house_title\">A balanced and respectful winemaking<\/h5>\n<div class=\"house_left_container house_pic_container house_pic_container_mobile\">\n<img decoding=\"async\" class=\"house_img\" src=\"https:\/\/champagne-oudart.com\/wp-content\/uploads\/2020\/09\/content-la-maison.jpg\">\n<\/div>\n<div class=\"house_paragraph\">\nSince 1958, the vineyards of the House are rooted in the terroir of Coteaux Sud d'Epernay and the Marne Valley. Their production is concentrated from decades to decades, refining their grapes to what they have most essential: quality. The culture of the vineyard is constantly renewed. A reasoned practice, combining new technologies and traditions, adapts with respect for nature and biodiversity.\n<\/div>\n<\/div>\n<\/div>\n\n\n\n<div class=\"the_house_section the_house_section4 the_house_section_even\">\n<div class=\"house_left_container house_text_container house_text_container4\">\n<h5 class=\"house_title\">The pursuit of a family legacy<\/h5>\n<div class=\"house_right_container house_pic_container house_pic_container_mobile\">\n<img decoding=\"async\" class=\"house_img\" src=\"https:\/\/champagne-oudart.com\/wp-content\/uploads\/2020\/09\/content-la-maison-2.jpg\">\n<\/div>\n<div class=\"house_paragraph\">\nIn 1988, Jacques, eldest son of Juliana and Etienne, joined the House following a viticultural training, working alongside his parents as head of culture. In 2006, he took over the family business and led, with heart and professionalism, the inherited brand and transformed little by little this heritage into a remarkable vineyard of 9Ha25, distributed between Brugny and Ess\u00f4mes-sur-Marne.\n<\/div>\n<\/div>\n<div class=\"house_right_container house_pic_container house_pic_container_desktop\">\n<img decoding=\"async\" class=\"house_img\" src=\"https:\/\/champagne-oudart.com\/wp-content\/uploads\/2020\/09\/content-la-maison-2.jpg\">\n<\/div>\n<\/div>\n\n\n\n<div class=\"the_house_section the_house_section5 the_house_section_odd\">\n<div class=\"house_left_container house_pic_container house_pic_container_desktop\">\n<img decoding=\"async\" class=\"house_img\" src=\"https:\/\/champagne-oudart.com\/wp-content\/uploads\/2019\/08\/raisonnee.png\">\n<\/div>\n<div class=\"house_right_container house_text_container house_text_container5\">\n<h5 class=\"house_title\">A smart, durable and certified winemaking<\/h5>\n<div class=\"house_left_container house_pic_container house_pic_container_mobile\">\n<img decoding=\"async\" class=\"house_img\" src=\"https:\/\/champagne-oudart.com\/wp-content\/uploads\/2019\/08\/raisonnee.png\">\n<\/div>\n<div class=\"house_paragraph\">\nFor Jacques, 2nd generation on the estate, the key is to leave time for the vines and their fruits to reach an optimal balance, rich in sugars and aromas. It is naturally for this purpose that he chose a reasoned viticulture, work rewarded in 2018 by obtaining certifications \"Sustainable Viticulture in Champagne\" and \"High Environmental Value\".\n<\/div>\n<\/div>\n<\/div>\n\n\n\n<div class=\"the_house_section the_house_section6 the_house_section_even\">\n<div class=\"house_left_container house_text_container house_text_container6\">\n<h5 class=\"house_title\">The birth of a project<\/h5>\n<div class=\"house_right_container house_pic_container house_pic_container_mobile\">\n<img decoding=\"async\" class=\"house_img\" src=\"https:\/\/champagne-oudart.com\/wp-content\/uploads\/2020\/09\/content-la-maison-3.jpg\">\n<\/div>\n<div class=\"house_paragraph\">\nIn real investment of life, his activity combines passion and love. Met during the harvest, Karinne, his wife, has worked with him for more than thirteen years. Both have founded a family and especially a project in the continuity of the life of Champagne Etienne OUDART, that of \"Manoir des Ar\u00f4mes\".\n<\/div>\n<\/div>\n<div class=\"house_right_container house_pic_container house_pic_container_desktop\">\n<img decoding=\"async\" class=\"house_img\" src=\"https:\/\/champagne-oudart.com\/wp-content\/uploads\/2020\/09\/content-la-maison-3.jpg\">\n<\/div>\n<\/div>\n\n\n\n<\/div>","protected":false},"excerpt":{"rendered":"<p>La maison Un v\u00e9ritable h\u00e9ritage Au 19\u00e8me si\u00e8cle, Albertine et Damas OUDART, grands-parents d\u2019Etienne OUDART, s\u2019installent et ach\u00e8tent une ferme de treize hectares \u00e0 Brugny qu\u2019ils l\u00e8guent ensuite \u00e0 leur fils Gabriel. Celui-ci reprend l\u2019activit\u00e9 agricole avec son \u00e9pouse Yvonne et acquiert treize autres hectares de terre, l\u00e9guant ainsi \u00e0 ses fils, Etienne et Fran\u00e7ois, [&hellip;]<\/p>","protected":false},"author":8,"featured_media":0,"parent":0,"menu_order":0,"comment_status":"closed","ping_status":"closed","template":"","meta":{"footnotes":""},"class_list":["post-5359","page","type-page","status-publish","hentry"],"_links":{"self":[{"href":"https:\/\/champagne-oudart.com\/en\/wp-json\/wp\/v2\/pages\/5359","targetHints":{"allow":["GET"]}}],"collection":[{"href":"https:\/\/champagne-oudart.com\/en\/wp-json\/wp\/v2\/pages"}],"about":[{"href":"https:\/\/champagne-oudart.com\/en\/wp-json\/wp\/v2\/types\/page"}],"author":[{"embeddable":true,"href":"https:\/\/champagne-oudart.com\/en\/wp-json\/wp\/v2\/users\/8"}],"replies":[{"embeddable":true,"href":"https:\/\/champagne-oudart.com\/en\/wp-json\/wp\/v2\/comments?post=5359"}],"version-history":[{"count":85,"href":"https:\/\/champagne-oudart.com\/en\/wp-json\/wp\/v2\/pages\/5359\/revisions"}],"predecessor-version":[{"id":8665,"href":"https:\/\/champagne-oudart.com\/en\/wp-json\/wp\/v2\/pages\/5359\/revisions\/8665"}],"wp:attachment":[{"href":"https:\/\/champagne-oudart.com\/en\/wp-json\/wp\/v2\/media?parent=5359"}],"curies":[{"name":"wp","href":"https:\/\/api.w.org\/{rel}","templated":true}]}}