{"id":7163,"date":"2019-08-26T01:51:41","date_gmt":"2019-08-26T00:51:41","guid":{"rendered":"https:\/\/champagne-oudart.com\/?page_id=7163"},"modified":"2019-10-30T13:29:30","modified_gmt":"2019-10-30T12:29:30","slug":"les-references","status":"publish","type":"page","link":"https:\/\/champagne-oudart.com\/en\/les-references\/","title":{"rendered":"Les R\u00e9f\u00e9rences"},"content":{"rendered":"<h1>\n<div class=\"category_header_title\">Les R\u00e9f\u00e9rences<\/div>\n<\/h1>\n\n\n<div class=\"woocommerce columns-4\"><ul class=\"products columns-4\">\n<li class=\"product type-product post-4035 status-publish first instock product_cat-les-references has-post-thumbnail shipping-taxable purchasable product-type-variable has-default-attributes\">\n\t<a href=\"https:\/\/champagne-oudart.com\/en\/product\/brut-reference\/\" class=\"woocommerce-LoopProduct-link woocommerce-loop-product__link\"><img loading=\"lazy\" decoding=\"async\" width=\"324\" height=\"487\" src=\"https:\/\/champagne-oudart.com\/wp-content\/uploads\/2019\/04\/WEBBRUTREFERENCE-Photoroom-324x487.png\" class=\"attachment-woocommerce_thumbnail size-woocommerce_thumbnail\" alt=\"Brut R\u00e9f\u00e9rence\" srcset=\"https:\/\/champagne-oudart.com\/wp-content\/uploads\/2019\/04\/WEBBRUTREFERENCE-Photoroom-324x487.png 324w, https:\/\/champagne-oudart.com\/wp-content\/uploads\/2019\/04\/WEBBRUTREFERENCE-Photoroom-332x500.png 332w, https:\/\/champagne-oudart.com\/wp-content\/uploads\/2019\/04\/WEBBRUTREFERENCE-Photoroom-681x1024.png 681w, https:\/\/champagne-oudart.com\/wp-content\/uploads\/2019\/04\/WEBBRUTREFERENCE-Photoroom-768x1155.png 768w, https:\/\/champagne-oudart.com\/wp-content\/uploads\/2019\/04\/WEBBRUTREFERENCE-Photoroom-8x12.png 8w, https:\/\/champagne-oudart.com\/wp-content\/uploads\/2019\/04\/WEBBRUTREFERENCE-Photoroom-416x626.png 416w, https:\/\/champagne-oudart.com\/wp-content\/uploads\/2019\/04\/WEBBRUTREFERENCE-Photoroom.png 851w\" sizes=\"auto, (max-width: 324px) 100vw, 324px\" \/><h2 class=\"woocommerce-loop-product__title\">Brut R\u00e9f\u00e9rence<\/h2>\n\t<span class=\"price\"><span class=\"woocommerce-Price-amount amount\" aria-hidden=\"true\"><bdi>22,00&nbsp;<span class=\"woocommerce-Price-currencySymbol\">&euro;<\/span><\/bdi><\/span> <span aria-hidden=\"true\">&ndash;<\/span> <span class=\"woocommerce-Price-amount amount\" aria-hidden=\"true\"><bdi>450,00&nbsp;<span class=\"woocommerce-Price-currencySymbol\">&euro;<\/span><\/bdi><\/span><span class=\"screen-reader-text\" data-no-translation=\"\" data-trp-gettext=\"\">Price range: 22,00&nbsp;&euro; through 450,00&nbsp;&euro;<\/span><\/span>\n<\/a><a href=\"https:\/\/champagne-oudart.com\/en\/product\/brut-reference\/\" aria-describedby=\"woocommerce_loop_add_to_cart_link_describedby_4035\" data-quantity=\"1\" class=\"button product_type_variable add_to_cart_button\" data-product_id=\"4035\" data-product_sku=\"\" aria-label=\"Select options for \u201cBrut R\u00e9f\u00e9rence\u201d\" rel=\"nofollow\" data-no-translation=\"\" data-trp-gettext=\"\" data-no-translation-aria-label=\"\">Select options<\/a>\t<span id=\"woocommerce_loop_add_to_cart_link_describedby_4035\" class=\"screen-reader-text\">\n\t\tThis product has multiple variants. The options may be chosen on the product page\t<\/span>\n<\/li>\n<li class=\"product type-product post-4034 status-publish instock product_cat-les-references has-post-thumbnail shipping-taxable purchasable product-type-variable has-default-attributes\">\n\t<a href=\"https:\/\/champagne-oudart.com\/en\/product\/brut-rose-reference\/\" class=\"woocommerce-LoopProduct-link woocommerce-loop-product__link\"><img loading=\"lazy\" decoding=\"async\" width=\"324\" height=\"487\" src=\"https:\/\/champagne-oudart.com\/wp-content\/uploads\/2019\/04\/WEBROSE-Photoroom-324x487.png\" class=\"attachment-woocommerce_thumbnail size-woocommerce_thumbnail\" alt=\"Brut Ros\u00e9 R\u00e9f\u00e9rence\" srcset=\"https:\/\/champagne-oudart.com\/wp-content\/uploads\/2019\/04\/WEBROSE-Photoroom-324x487.png 324w, https:\/\/champagne-oudart.com\/wp-content\/uploads\/2019\/04\/WEBROSE-Photoroom-332x500.png 332w, https:\/\/champagne-oudart.com\/wp-content\/uploads\/2019\/04\/WEBROSE-Photoroom-681x1024.png 681w, https:\/\/champagne-oudart.com\/wp-content\/uploads\/2019\/04\/WEBROSE-Photoroom-768x1155.png 768w, https:\/\/champagne-oudart.com\/wp-content\/uploads\/2019\/04\/WEBROSE-Photoroom-8x12.png 8w, https:\/\/champagne-oudart.com\/wp-content\/uploads\/2019\/04\/WEBROSE-Photoroom-416x626.png 416w, https:\/\/champagne-oudart.com\/wp-content\/uploads\/2019\/04\/WEBROSE-Photoroom.png 851w\" sizes=\"auto, (max-width: 324px) 100vw, 324px\" \/><h2 class=\"woocommerce-loop-product__title\">Brut Ros\u00e9 R\u00e9f\u00e9rence<\/h2>\n\t<span class=\"price\"><span class=\"woocommerce-Price-amount amount\" aria-hidden=\"true\"><bdi>24,00&nbsp;<span class=\"woocommerce-Price-currencySymbol\">&euro;<\/span><\/bdi><\/span> <span aria-hidden=\"true\">&ndash;<\/span> <span class=\"woocommerce-Price-amount amount\" aria-hidden=\"true\"><bdi>35,00&nbsp;<span class=\"woocommerce-Price-currencySymbol\">&euro;<\/span><\/bdi><\/span><span class=\"screen-reader-text\" data-no-translation=\"\" data-trp-gettext=\"\">Price range: 24,00&nbsp;&euro; through 35,00&nbsp;&euro;<\/span><\/span>\n<\/a><a href=\"https:\/\/champagne-oudart.com\/en\/product\/brut-rose-reference\/\" aria-describedby=\"woocommerce_loop_add_to_cart_link_describedby_4034\" data-quantity=\"1\" class=\"button product_type_variable add_to_cart_button\" data-product_id=\"4034\" data-product_sku=\"\" aria-label=\"Select options for \u201cBrut Ros\u00e9 R\u00e9f\u00e9rence\u201d\" rel=\"nofollow\" data-no-translation=\"\" data-trp-gettext=\"\" data-no-translation-aria-label=\"\">Select options<\/a>\t<span id=\"woocommerce_loop_add_to_cart_link_describedby_4034\" class=\"screen-reader-text\">\n\t\tThis product has multiple variants. The options may be chosen on the product page\t<\/span>\n<\/li>\n<li class=\"product type-product post-4033 status-publish instock product_cat-les-references has-post-thumbnail shipping-taxable purchasable product-type-simple\">\n\t<a href=\"https:\/\/champagne-oudart.com\/en\/product\/demi-sec-origine\/\" class=\"woocommerce-LoopProduct-link woocommerce-loop-product__link\"><img loading=\"lazy\" decoding=\"async\" width=\"314\" height=\"1157\" src=\"https:\/\/champagne-oudart.com\/wp-content\/uploads\/2019\/04\/DEMISEC-REFERENCE-HD-Photoroom-1.png\" class=\"attachment-woocommerce_thumbnail size-woocommerce_thumbnail\" alt=\"Demi-Sec R\u00e9f\u00e9rence\" srcset=\"https:\/\/champagne-oudart.com\/wp-content\/uploads\/2019\/04\/DEMISEC-REFERENCE-HD-Photoroom-1.png 314w, https:\/\/champagne-oudart.com\/wp-content\/uploads\/2019\/04\/DEMISEC-REFERENCE-HD-Photoroom-1-136x500.png 136w, https:\/\/champagne-oudart.com\/wp-content\/uploads\/2019\/04\/DEMISEC-REFERENCE-HD-Photoroom-1-278x1024.png 278w, https:\/\/champagne-oudart.com\/wp-content\/uploads\/2019\/04\/DEMISEC-REFERENCE-HD-Photoroom-1-3x12.png 3w\" sizes=\"auto, (max-width: 314px) 100vw, 314px\" \/><h2 class=\"woocommerce-loop-product__title\">Demi-Sec R\u00e9f\u00e9rence<\/h2>\n\t<span class=\"price\"><span class=\"woocommerce-Price-amount amount\"><bdi>31,00&nbsp;<span class=\"woocommerce-Price-currencySymbol\">&euro;<\/span><\/bdi><\/span><\/span>\n<\/a><a href=\"\/en\/wp-json\/wp\/v2\/pages\/7163?add-to-cart=4033\" aria-describedby=\"woocommerce_loop_add_to_cart_link_describedby_4033\" data-quantity=\"1\" class=\"button product_type_simple add_to_cart_button ajax_add_to_cart\" data-product_id=\"4033\" data-product_sku=\"\" aria-label=\"Add to basket: \u201cDemi-Sec R\u00e9f\u00e9rence\u201d\" rel=\"nofollow\" data-success_message=\"\u201cDemi-Sec R\u00e9f\u00e9rence\u201d has been added to your cart\" role=\"button\" data-no-translation=\"\" data-trp-gettext=\"\" data-no-translation-aria-label=\"\" data-no-translation-data-success_message=\"\">Add to cart<\/a>\t<span id=\"woocommerce_loop_add_to_cart_link_describedby_4033\" class=\"screen-reader-text\">\n\t\t\t<\/span>\n<\/li>\n<\/ul>\n<\/div>","protected":false},"excerpt":{"rendered":"<p>Les R\u00e9f\u00e9rences<\/p>","protected":false},"author":8,"featured_media":0,"parent":0,"menu_order":0,"comment_status":"closed","ping_status":"closed","template":"","meta":{"footnotes":""},"class_list":["post-7163","page","type-page","status-publish","hentry"],"_links":{"self":[{"href":"https:\/\/champagne-oudart.com\/en\/wp-json\/wp\/v2\/pages\/7163","targetHints":{"allow":["GET"]}}],"collection":[{"href":"https:\/\/champagne-oudart.com\/en\/wp-json\/wp\/v2\/pages"}],"about":[{"href":"https:\/\/champagne-oudart.com\/en\/wp-json\/wp\/v2\/types\/page"}],"author":[{"embeddable":true,"href":"https:\/\/champagne-oudart.com\/en\/wp-json\/wp\/v2\/users\/8"}],"replies":[{"embeddable":true,"href":"https:\/\/champagne-oudart.com\/en\/wp-json\/wp\/v2\/comments?post=7163"}],"version-history":[{"count":5,"href":"https:\/\/champagne-oudart.com\/en\/wp-json\/wp\/v2\/pages\/7163\/revisions"}],"predecessor-version":[{"id":7660,"href":"https:\/\/champagne-oudart.com\/en\/wp-json\/wp\/v2\/pages\/7163\/revisions\/7660"}],"wp:attachment":[{"href":"https:\/\/champagne-oudart.com\/en\/wp-json\/wp\/v2\/media?parent=7163"}],"curies":[{"name":"wp","href":"https:\/\/api.w.org\/{rel}","templated":true}]}}