{"id":7167,"date":"2019-08-26T01:52:42","date_gmt":"2019-08-26T00:52:42","guid":{"rendered":"https:\/\/champagne-oudart.com\/?page_id=7167"},"modified":"2019-10-30T13:26:09","modified_gmt":"2019-10-30T12:26:09","slug":"lunique","status":"publish","type":"page","link":"https:\/\/champagne-oudart.com\/en\/lunique\/","title":{"rendered":"The Unique"},"content":{"rendered":"<h1 id=\"unique_h1\">\n<div class=\"category_header_title\">The Unique<\/div>\n<\/h1>\n\n\n<div class=\"woocommerce columns-4\"><ul class=\"products columns-4\">\n<li class=\"product type-product post-4039 status-publish first instock product_cat-l-unique has-post-thumbnail shipping-taxable purchasable product-type-simple\">\n\t<a href=\"https:\/\/champagne-oudart.com\/en\/product\/cuvee-juliana-nature-millesimee-2009\/\" class=\"woocommerce-LoopProduct-link woocommerce-loop-product__link\"><img loading=\"lazy\" decoding=\"async\" width=\"324\" height=\"487\" src=\"https:\/\/champagne-oudart.com\/wp-content\/uploads\/2019\/04\/WEBJULIANA-Photoroom-324x487.png\" class=\"attachment-woocommerce_thumbnail size-woocommerce_thumbnail\" alt=\"Cuv\u00e9e Juliana Mill\u00e9sim\u00e9e 2015\" srcset=\"https:\/\/champagne-oudart.com\/wp-content\/uploads\/2019\/04\/WEBJULIANA-Photoroom-324x487.png 324w, https:\/\/champagne-oudart.com\/wp-content\/uploads\/2019\/04\/WEBJULIANA-Photoroom-332x500.png 332w, https:\/\/champagne-oudart.com\/wp-content\/uploads\/2019\/04\/WEBJULIANA-Photoroom-681x1024.png 681w, https:\/\/champagne-oudart.com\/wp-content\/uploads\/2019\/04\/WEBJULIANA-Photoroom-768x1155.png 768w, https:\/\/champagne-oudart.com\/wp-content\/uploads\/2019\/04\/WEBJULIANA-Photoroom-8x12.png 8w, https:\/\/champagne-oudart.com\/wp-content\/uploads\/2019\/04\/WEBJULIANA-Photoroom-416x626.png 416w, https:\/\/champagne-oudart.com\/wp-content\/uploads\/2019\/04\/WEBJULIANA-Photoroom.png 851w\" sizes=\"auto, (max-width: 324px) 100vw, 324px\" \/><h2 class=\"woocommerce-loop-product__title\">Cuv\u00e9e Juliana Mill\u00e9sim\u00e9e 2015<\/h2>\n\t<span class=\"price\"><span class=\"woocommerce-Price-amount amount\"><bdi>60,00&nbsp;<span class=\"woocommerce-Price-currencySymbol\">&euro;<\/span><\/bdi><\/span><\/span>\n<\/a><a href=\"\/en\/wp-json\/wp\/v2\/pages\/7167?add-to-cart=4039\" aria-describedby=\"woocommerce_loop_add_to_cart_link_describedby_4039\" data-quantity=\"1\" class=\"button product_type_simple add_to_cart_button ajax_add_to_cart\" data-product_id=\"4039\" data-product_sku=\"\" aria-label=\"Add to basket: \u201cCuv\u00e9e Juliana Mill\u00e9sim\u00e9e 2015\u201d\" rel=\"nofollow\" data-success_message=\"\u201cCuv\u00e9e Juliana Mill\u00e9sim\u00e9e 2015\u201d has been added to your cart\" role=\"button\" data-no-translation=\"\" data-trp-gettext=\"\" data-no-translation-aria-label=\"\" data-no-translation-data-success_message=\"\">Add to cart<\/a>\t<span id=\"woocommerce_loop_add_to_cart_link_describedby_4039\" class=\"screen-reader-text\">\n\t\t\t<\/span>\n<\/li>\n<\/ul>\n<\/div>","protected":false},"excerpt":{"rendered":"<p>The Unique<\/p>","protected":false},"author":8,"featured_media":0,"parent":0,"menu_order":0,"comment_status":"closed","ping_status":"closed","template":"","meta":{"footnotes":""},"class_list":["post-7167","page","type-page","status-publish","hentry"],"_links":{"self":[{"href":"https:\/\/champagne-oudart.com\/en\/wp-json\/wp\/v2\/pages\/7167","targetHints":{"allow":["GET"]}}],"collection":[{"href":"https:\/\/champagne-oudart.com\/en\/wp-json\/wp\/v2\/pages"}],"about":[{"href":"https:\/\/champagne-oudart.com\/en\/wp-json\/wp\/v2\/types\/page"}],"author":[{"embeddable":true,"href":"https:\/\/champagne-oudart.com\/en\/wp-json\/wp\/v2\/users\/8"}],"replies":[{"embeddable":true,"href":"https:\/\/champagne-oudart.com\/en\/wp-json\/wp\/v2\/comments?post=7167"}],"version-history":[{"count":6,"href":"https:\/\/champagne-oudart.com\/en\/wp-json\/wp\/v2\/pages\/7167\/revisions"}],"predecessor-version":[{"id":7723,"href":"https:\/\/champagne-oudart.com\/en\/wp-json\/wp\/v2\/pages\/7167\/revisions\/7723"}],"wp:attachment":[{"href":"https:\/\/champagne-oudart.com\/en\/wp-json\/wp\/v2\/media?parent=7167"}],"curies":[{"name":"wp","href":"https:\/\/api.w.org\/{rel}","templated":true}]}}