{"id":7256,"date":"2019-09-11T12:29:42","date_gmt":"2019-09-11T11:29:42","guid":{"rendered":"https:\/\/champagne-oudart.com\/?page_id=7256"},"modified":"2020-09-13T01:32:23","modified_gmt":"2020-09-13T00:32:23","slug":"contact","status":"publish","type":"page","link":"https:\/\/champagne-oudart.com\/en\/contact\/","title":{"rendered":"Contact"},"content":{"rendered":"<h1>\n<div class=\"category_header_title\">\nContact\n<\/div>\n<\/h1>\n\n\n\n<div class=\"sanitary_notice\">\n<p class=\"translation-block\">Due to the new sanitary measures, Champagne Etienne Oudart welcomes you <strong> only by appointment <\/strong> (by email to <a href=\"mailto:contact@champagne-oudart.com\" target=\"_self\"> contact@champagne-oudart.com <\/a> or by phone at <a href=\"tel:+3326599801\" target=\"_self\"> 03 26 59 98 01 <\/a>).<\/p>\n<p>\n    Votre s\u00e9curit\u00e9 est au c\u0153ur de notre pr\u00e9occupation. L&rsquo;espace disponible nous permet de vous recevoir en respectant les gestes barri\u00e8res et la distanciation sociale lors de votre accueil. Du gel hydroalcoolique sera disponible d\u00e8s votre arriv\u00e9e ainsi que dans les sanitaires. Une d\u00e9sinfection des points de contact sera effectu\u00e9e entre chaque rendez-vous.\n<\/p>\n<\/div>\n\n\n\n<h4 class=\"contact_section_title\" id=\"contact_section_title1\">FOLLOW US<\/h4>\n\n<div class=\"underline_section_title\"><\/div>\n\n<ul id=\"social_networks\" class=\"social_large\">\n<li><a href=\"https:\/\/www.facebook.com\/ChampagneEtienneOudart\/\"><i class=\"icon-facebook fab fa-facebook-f\"><\/i><\/a><\/li>\n<li><a href=\"https:\/\/www.linkedin.com\/company\/champagne-etienne-oudart\/\"><i class=\"icon-linkedin fab fa-linkedin-in\"><\/i><\/a><\/li>\n<li><a href=\"https:\/\/www.instagram.com\/champagne_oudart\/\"><i class=\"icon-instagram fab fa-instagram\"><\/i><\/a><\/li>\n<\/ul>\n\n\n\n<div class=\"coordinates_section\">\n<div class=\"coordinates_header\">\n\n<h4 class=\"contact_section_title\" id=\"contact_section_title2\">CONTACT US<\/h4>\n\n<div class=\"underline_section_title\"><\/div>\n\n<\/div>\n\n<div class=\"coordinates contact_section\">\n\n<div class=\"coordinates_div address_div\">\n<div class=\"coordinates_div_icon\">\n<div class=\"coordinates_icon_container\">\n<i class=\"fas fa-map-marker-alt\"><\/i>\n<\/div>\n<\/div>\n<div class=\"coordinates_div_content\">\n<p>15, rue de la Grange Jabled<\/p>\n<p>51530 BRUGNY<\/p>\n<\/div>\n<\/div>\n\n<div class=\"coordinates_div email_div\">\n<div class=\"coordinates_div_icon\">\n<div class=\"coordinates_icon_container\">\n<i class=\"fas fa-envelope\"><\/i>\n<\/div>\n<\/div>\n<div class=\"coordinates_div_content\">\n<p><a href=\"mailto:contact@champagne-oudart.com\">contact@champagne-oudart.com<\/a><\/p>\n<\/div>\n<\/div>\n\n<div class=\"coordinates_div phone_div\">\n<div class=\"coordinates_div_icon\">\n<div class=\"coordinates_icon_container\">\n<i class=\"fas fa-phone\"><\/i>\n<\/div>\n<\/div>\n<div class=\"coordinates_div_content\">\n<p><a href=\"tel:+33326599801\">+333 26 59 98 01<\/a><\/p>\n<\/div>\n<\/div>\n<\/div>\n<\/div>\n\n\n\n<div class=\"form_section_header\">\n\n<h4 class=\"contact_section_title\" id=\"contact_section_title1\">LEAVE US A MESSAGE<\/h4>\n\n<div class=\"underline_section_title\"><\/div>\n\n<\/div>\n\n\n\n<div class=\"wpcf7 no-js\" id=\"wpcf7-f7-o1\" lang=\"fr-FR\" dir=\"ltr\" data-wpcf7-id=\"7\">\n<div class=\"screen-reader-response\"><p role=\"status\" aria-live=\"polite\" aria-atomic=\"true\"><\/p> <ul><\/ul><\/div>\n<form action=\"\/en\/wp-json\/wp\/v2\/pages\/7256#wpcf7-f7-o1\" method=\"post\" class=\"wpcf7-form init\" aria-label=\"Formulaire de contact\" novalidate=\"novalidate\" data-status=\"init\" data-trp-original-action=\"\/en\/wp-json\/wp\/v2\/pages\/7256#wpcf7-f7-o1\">\n<fieldset class=\"hidden-fields-container\"><input type=\"hidden\" name=\"_wpcf7\" value=\"7\" \/><input type=\"hidden\" name=\"_wpcf7_version\" value=\"6.1.5\" \/><input type=\"hidden\" name=\"_wpcf7_locale\" value=\"fr_FR\" \/><input type=\"hidden\" name=\"_wpcf7_unit_tag\" value=\"wpcf7-f7-o1\" \/><input type=\"hidden\" name=\"_wpcf7_container_post\" value=\"0\" \/><input type=\"hidden\" name=\"_wpcf7_posted_data_hash\" value=\"\" \/>\n<\/fieldset>\n<p>Name (required)\n<\/p>\n<p><span class=\"wpcf7-form-control-wrap\" data-name=\"your-name\"><input size=\"40\" maxlength=\"400\" class=\"wpcf7-form-control wpcf7-text wpcf7-validates-as-required\" aria-required=\"true\" aria-invalid=\"false\" value=\"\" type=\"text\" name=\"your-name\" \/><\/span>\n<\/p>\n<p>Email (required)\n<\/p>\n<p><span class=\"wpcf7-form-control-wrap\" data-name=\"your-email\"><input size=\"40\" maxlength=\"400\" class=\"wpcf7-form-control wpcf7-email wpcf7-validates-as-required wpcf7-text wpcf7-validates-as-email\" aria-required=\"true\" aria-invalid=\"false\" value=\"\" type=\"email\" name=\"your-email\" \/><\/span>\n<\/p>\n<p>Object\n<\/p>\n<p><span class=\"wpcf7-form-control-wrap\" data-name=\"your-subject\"><input size=\"40\" maxlength=\"400\" class=\"wpcf7-form-control wpcf7-text wpcf7-validates-as-required\" aria-required=\"true\" aria-invalid=\"false\" value=\"\" type=\"text\" name=\"your-subject\" \/><\/span>\n<\/p>\n<p>Your message\n<\/p>\n<p><span class=\"wpcf7-form-control-wrap\" data-name=\"your-message\"><textarea cols=\"40\" rows=\"10\" maxlength=\"2000\" class=\"wpcf7-form-control wpcf7-textarea\" aria-invalid=\"false\" name=\"your-message\"><\/textarea><\/span>\n<\/p>\n<p><span class=\"wpcf7-form-control-wrap\" data-name=\"checkbox-867\"><span class=\"wpcf7-form-control wpcf7-checkbox wpcf7-validates-as-required\" id=\"confidentialite\"><span class=\"wpcf7-list-item first last\"><input type=\"checkbox\" name=\"checkbox-867[]\" value=\"En utilisant ce formulaire, vous acceptez que nous utilisions vos coordonn\u00e9es afin de r\u00e9pondre \u00e0 votre demande.\" \/><span class=\"wpcf7-list-item-label\">By using this form, you accept that we are using your data in order to respond.<\/span><\/span><\/span><\/span>\n<\/p>\n<p><input class=\"wpcf7-form-control wpcf7-submit has-spinner\" type=\"submit\" value=\"Send\" \/>\n<\/p><p style=\"display: none !important;\" class=\"akismet-fields-container\" data-prefix=\"_wpcf7_ak_\"><label>&#916;<textarea name=\"_wpcf7_ak_hp_textarea\" cols=\"45\" rows=\"8\" maxlength=\"100\"><\/textarea><\/label><input type=\"hidden\" id=\"ak_js_1\" name=\"_wpcf7_ak_js\" value=\"74\"\/><script>document.getElementById( \"ak_js_1\" ).setAttribute( \"value\", ( new Date() ).getTime() );<\/script><\/p><div class=\"wpcf7-response-output\" aria-hidden=\"true\"><\/div>\n<input type=\"hidden\" name=\"trp-form-language\" value=\"en\"\/><\/form>\n<\/div>\n\n\n\n\n<div class=\"contact_section_horaires\">\n\n<h4 class=\"contact_section_title\" id=\"contact_section_title1\">HORAIRES HABITUELS D&rsquo;OUVERTURE<\/h4>\n\n<div class=\"underline_section_title\"><\/div>\n\n<p class=\"horaires_first_p translation-block\">Due to the new sanitary measures, Champagne Etienne Oudart welcomes you <strong> only by appointment <\/strong> (by email to <a href=\"mailto:contact@champagne-oudart.com\" target=\"_self\"> contact@champagne-oudart.com <\/a> or by phone at <a href=\"tel:+3326599801\" target=\"_self\"> 03 26 59 98 01 <\/a>).<\/p>\n<p class=\"horaires_last_p\"><\/p>\n\n<\/div>\n\n\n\n<div class=\"iframe_n_coordinates\">\n\n<h4 class=\"contact_section_title\" id=\"contact_section_title1\">FIND US<\/h4>\n\n<div class=\"underline_section_title\"><\/div>\n\n<div class=\"iframe_container\">\n<iframe src=\"https:\/\/www.google.com\/maps\/embed?pb=!1m18!1m12!1m3!1d2617.710578360787!2d3.8796853156793194!3d48.99706497930133!2m3!1f0!2f0!3f0!3m2!1i1024!2i768!4f13.1!3m3!1m2!1s0x47e915a2deefdd57%3A0x7508bdb6c2a4a4e4!2sEtienne+Oudart+Earl!5e0!3m2!1sfr!2sfr!4v1551774330743\" style=\"border:0\" allowfullscreen=\"\"><\/iframe>\n<\/div>","protected":false},"excerpt":{"rendered":"<p>Contact En raison des nouvelles mesures sanitaires, le Champagne Etienne Oudart vous accueille uniquement sur rendez-vous (par mail \u00e0 contact@champagne-oudart.com ou par t\u00e9l\u00e9phone au 03 26 59 98 01). Votre s\u00e9curit\u00e9 est au c\u0153ur de notre pr\u00e9occupation. L&rsquo;espace disponible nous permet de vous recevoir en respectant les gestes barri\u00e8res et la distanciation sociale lors de [&hellip;]<\/p>","protected":false},"author":8,"featured_media":0,"parent":0,"menu_order":0,"comment_status":"closed","ping_status":"closed","template":"","meta":{"footnotes":""},"class_list":["post-7256","page","type-page","status-publish","hentry"],"_links":{"self":[{"href":"https:\/\/champagne-oudart.com\/en\/wp-json\/wp\/v2\/pages\/7256","targetHints":{"allow":["GET"]}}],"collection":[{"href":"https:\/\/champagne-oudart.com\/en\/wp-json\/wp\/v2\/pages"}],"about":[{"href":"https:\/\/champagne-oudart.com\/en\/wp-json\/wp\/v2\/types\/page"}],"author":[{"embeddable":true,"href":"https:\/\/champagne-oudart.com\/en\/wp-json\/wp\/v2\/users\/8"}],"replies":[{"embeddable":true,"href":"https:\/\/champagne-oudart.com\/en\/wp-json\/wp\/v2\/comments?post=7256"}],"version-history":[{"count":32,"href":"https:\/\/champagne-oudart.com\/en\/wp-json\/wp\/v2\/pages\/7256\/revisions"}],"predecessor-version":[{"id":8212,"href":"https:\/\/champagne-oudart.com\/en\/wp-json\/wp\/v2\/pages\/7256\/revisions\/8212"}],"wp:attachment":[{"href":"https:\/\/champagne-oudart.com\/en\/wp-json\/wp\/v2\/media?parent=7256"}],"curies":[{"name":"wp","href":"https:\/\/api.w.org\/{rel}","templated":true}]}}