{"id":9012,"date":"2024-11-27T16:22:12","date_gmt":"2024-11-27T15:22:12","guid":{"rendered":"https:\/\/champagne-oudart.com\/?page_id=9012"},"modified":"2024-11-28T14:28:55","modified_gmt":"2024-11-28T13:28:55","slug":"notre-gamme","status":"publish","type":"page","link":"https:\/\/champagne-oudart.com\/en\/notre-gamme\/","title":{"rendered":"Our range"},"content":{"rendered":"<h1>\n<div class=\"category_header_title\">\nOur range\n<\/div>\n<\/h1>\n\n\n\n<div class=\"wp-block-group gamme_group_cat\"><div class=\"wp-block-group__inner-container is-layout-constrained wp-block-group-is-layout-constrained\">\n<h2 class=\"wp-block-heading\">Les Originelles<\/h2>\n\n\n\n<hr class=\"wp-block-separator has-alpha-channel-opacity\"\/>\n\n\n<div data-block-name=\"woocommerce\/product-category\" data-categories=\"[139]\" data-columns=\"2\" data-content-visibility=\"{&quot;image&quot;:true,&quot;title&quot;:true,&quot;price&quot;:true,&quot;rating&quot;:false,&quot;button&quot;:false}\" class=\"wc-block-grid wp-block-product-category wp-block-woocommerce-product-category wc-block-product-category has-2-columns has-multiple-rows originelles_container\"><ul class=\"wc-block-grid__products\"><li class=\"wc-block-grid__product\">\n\t\t\t\t<a href=\"https:\/\/champagne-oudart.com\/en\/product\/brut-origine\/\" class=\"wc-block-grid__product-link\">\n\t\t\t\t\t\n\t\t\t\t\t<div class=\"wc-block-grid__product-image\"><img loading=\"lazy\" decoding=\"async\" width=\"324\" height=\"487\" src=\"https:\/\/champagne-oudart.com\/wp-content\/uploads\/2019\/04\/WEBBRUTORIGINE-Photoroom-324x487.png\" class=\"attachment-woocommerce_thumbnail size-woocommerce_thumbnail\" alt=\"Brut Origine\" srcset=\"https:\/\/champagne-oudart.com\/wp-content\/uploads\/2019\/04\/WEBBRUTORIGINE-Photoroom-324x487.png 324w, https:\/\/champagne-oudart.com\/wp-content\/uploads\/2019\/04\/WEBBRUTORIGINE-Photoroom-332x500.png 332w, https:\/\/champagne-oudart.com\/wp-content\/uploads\/2019\/04\/WEBBRUTORIGINE-Photoroom-681x1024.png 681w, https:\/\/champagne-oudart.com\/wp-content\/uploads\/2019\/04\/WEBBRUTORIGINE-Photoroom-768x1155.png 768w, https:\/\/champagne-oudart.com\/wp-content\/uploads\/2019\/04\/WEBBRUTORIGINE-Photoroom-8x12.png 8w, https:\/\/champagne-oudart.com\/wp-content\/uploads\/2019\/04\/WEBBRUTORIGINE-Photoroom-416x626.png 416w, https:\/\/champagne-oudart.com\/wp-content\/uploads\/2019\/04\/WEBBRUTORIGINE-Photoroom.png 851w\" sizes=\"auto, (max-width: 324px) 100vw, 324px\" \/><\/div>\n\t\t\t\t\t<div class=\"wc-block-grid__product-title\">Brut Origine<\/div>\n\t\t\t\t<\/a>\n\t\t\t\t<div class=\"wc-block-grid__product-price price\"><span class=\"woocommerce-Price-amount amount\">30,00&nbsp;<span class=\"woocommerce-Price-currencySymbol\">&euro;<\/span><\/span><\/div>\n\t\t\t\t\n\t\t\t\t\n\t\t\t<\/li><\/ul><\/div><\/div><\/div>\n\n\n\n<div class=\"wp-block-group gamme_group_cat\"><div class=\"wp-block-group__inner-container is-layout-constrained wp-block-group-is-layout-constrained\">\n<h2 class=\"wp-block-heading\">Les R\u00e9f\u00e9rences<\/h2>\n\n\n\n<hr class=\"wp-block-separator has-alpha-channel-opacity\"\/>\n\n\n<div data-block-name=\"woocommerce\/product-category\" data-categories=\"[140]\" data-columns=\"2\" data-content-visibility=\"{&quot;image&quot;:true,&quot;title&quot;:true,&quot;price&quot;:true,&quot;rating&quot;:false,&quot;button&quot;:false}\" class=\"wc-block-grid wp-block-product-category wp-block-woocommerce-product-category wc-block-product-category has-2-columns has-multiple-rows reference_container\"><ul class=\"wc-block-grid__products\"><li class=\"wc-block-grid__product\">\n\t\t\t\t<a href=\"https:\/\/champagne-oudart.com\/en\/product\/brut-reference\/\" class=\"wc-block-grid__product-link\">\n\t\t\t\t\t\n\t\t\t\t\t<div class=\"wc-block-grid__product-image\"><img loading=\"lazy\" decoding=\"async\" width=\"324\" height=\"487\" src=\"https:\/\/champagne-oudart.com\/wp-content\/uploads\/2019\/04\/WEBBRUTREFERENCE-Photoroom-324x487.png\" class=\"attachment-woocommerce_thumbnail size-woocommerce_thumbnail\" alt=\"Brut R\u00e9f\u00e9rence\" srcset=\"https:\/\/champagne-oudart.com\/wp-content\/uploads\/2019\/04\/WEBBRUTREFERENCE-Photoroom-324x487.png 324w, https:\/\/champagne-oudart.com\/wp-content\/uploads\/2019\/04\/WEBBRUTREFERENCE-Photoroom-332x500.png 332w, https:\/\/champagne-oudart.com\/wp-content\/uploads\/2019\/04\/WEBBRUTREFERENCE-Photoroom-681x1024.png 681w, https:\/\/champagne-oudart.com\/wp-content\/uploads\/2019\/04\/WEBBRUTREFERENCE-Photoroom-768x1155.png 768w, https:\/\/champagne-oudart.com\/wp-content\/uploads\/2019\/04\/WEBBRUTREFERENCE-Photoroom-8x12.png 8w, https:\/\/champagne-oudart.com\/wp-content\/uploads\/2019\/04\/WEBBRUTREFERENCE-Photoroom-416x626.png 416w, https:\/\/champagne-oudart.com\/wp-content\/uploads\/2019\/04\/WEBBRUTREFERENCE-Photoroom.png 851w\" sizes=\"auto, (max-width: 324px) 100vw, 324px\" \/><\/div>\n\t\t\t\t\t<div class=\"wc-block-grid__product-title\">Brut R\u00e9f\u00e9rence<\/div>\n\t\t\t\t<\/a>\n\t\t\t\t<div class=\"wc-block-grid__product-price price\"><span class=\"woocommerce-Price-amount amount\" aria-hidden=\"true\">22,00&nbsp;<span class=\"woocommerce-Price-currencySymbol\">&euro;<\/span><\/span> <span aria-hidden=\"true\">&ndash;<\/span> <span class=\"woocommerce-Price-amount amount\" aria-hidden=\"true\">450,00&nbsp;<span class=\"woocommerce-Price-currencySymbol\">&euro;<\/span><\/span><span class=\"screen-reader-text\" data-no-translation=\"\" data-trp-gettext=\"\">Price range: 22,00&nbsp;&euro; through 450,00&nbsp;&euro;<\/span><\/div>\n\t\t\t\t\n\t\t\t\t\n\t\t\t<\/li><li class=\"wc-block-grid__product\">\n\t\t\t\t<a href=\"https:\/\/champagne-oudart.com\/en\/product\/brut-rose-reference\/\" class=\"wc-block-grid__product-link\">\n\t\t\t\t\t\n\t\t\t\t\t<div class=\"wc-block-grid__product-image\"><img loading=\"lazy\" decoding=\"async\" width=\"324\" height=\"487\" src=\"https:\/\/champagne-oudart.com\/wp-content\/uploads\/2019\/04\/WEBROSE-Photoroom-324x487.png\" class=\"attachment-woocommerce_thumbnail size-woocommerce_thumbnail\" alt=\"Brut Ros\u00e9 R\u00e9f\u00e9rence\" srcset=\"https:\/\/champagne-oudart.com\/wp-content\/uploads\/2019\/04\/WEBROSE-Photoroom-324x487.png 324w, https:\/\/champagne-oudart.com\/wp-content\/uploads\/2019\/04\/WEBROSE-Photoroom-332x500.png 332w, https:\/\/champagne-oudart.com\/wp-content\/uploads\/2019\/04\/WEBROSE-Photoroom-681x1024.png 681w, https:\/\/champagne-oudart.com\/wp-content\/uploads\/2019\/04\/WEBROSE-Photoroom-768x1155.png 768w, https:\/\/champagne-oudart.com\/wp-content\/uploads\/2019\/04\/WEBROSE-Photoroom-8x12.png 8w, https:\/\/champagne-oudart.com\/wp-content\/uploads\/2019\/04\/WEBROSE-Photoroom-416x626.png 416w, https:\/\/champagne-oudart.com\/wp-content\/uploads\/2019\/04\/WEBROSE-Photoroom.png 851w\" sizes=\"auto, (max-width: 324px) 100vw, 324px\" \/><\/div>\n\t\t\t\t\t<div class=\"wc-block-grid__product-title\">Brut Ros\u00e9 R\u00e9f\u00e9rence<\/div>\n\t\t\t\t<\/a>\n\t\t\t\t<div class=\"wc-block-grid__product-price price\"><span class=\"woocommerce-Price-amount amount\" aria-hidden=\"true\">24,00&nbsp;<span class=\"woocommerce-Price-currencySymbol\">&euro;<\/span><\/span> <span aria-hidden=\"true\">&ndash;<\/span> <span class=\"woocommerce-Price-amount amount\" aria-hidden=\"true\">35,00&nbsp;<span class=\"woocommerce-Price-currencySymbol\">&euro;<\/span><\/span><span class=\"screen-reader-text\" data-no-translation=\"\" data-trp-gettext=\"\">Price range: 24,00&nbsp;&euro; through 35,00&nbsp;&euro;<\/span><\/div>\n\t\t\t\t\n\t\t\t\t\n\t\t\t<\/li><li class=\"wc-block-grid__product\">\n\t\t\t\t<a href=\"https:\/\/champagne-oudart.com\/en\/product\/demi-sec-origine\/\" class=\"wc-block-grid__product-link\">\n\t\t\t\t\t\n\t\t\t\t\t<div class=\"wc-block-grid__product-image\"><img loading=\"lazy\" decoding=\"async\" width=\"314\" height=\"1157\" src=\"https:\/\/champagne-oudart.com\/wp-content\/uploads\/2019\/04\/DEMISEC-REFERENCE-HD-Photoroom-1.png\" class=\"attachment-woocommerce_thumbnail size-woocommerce_thumbnail\" alt=\"Demi-Sec R\u00e9f\u00e9rence\" srcset=\"https:\/\/champagne-oudart.com\/wp-content\/uploads\/2019\/04\/DEMISEC-REFERENCE-HD-Photoroom-1.png 314w, https:\/\/champagne-oudart.com\/wp-content\/uploads\/2019\/04\/DEMISEC-REFERENCE-HD-Photoroom-1-136x500.png 136w, https:\/\/champagne-oudart.com\/wp-content\/uploads\/2019\/04\/DEMISEC-REFERENCE-HD-Photoroom-1-278x1024.png 278w, https:\/\/champagne-oudart.com\/wp-content\/uploads\/2019\/04\/DEMISEC-REFERENCE-HD-Photoroom-1-3x12.png 3w\" sizes=\"auto, (max-width: 314px) 100vw, 314px\" \/><\/div>\n\t\t\t\t\t<div class=\"wc-block-grid__product-title\">Demi-Sec R\u00e9f\u00e9rence<\/div>\n\t\t\t\t<\/a>\n\t\t\t\t<div class=\"wc-block-grid__product-price price\"><span class=\"woocommerce-Price-amount amount\">31,00&nbsp;<span class=\"woocommerce-Price-currencySymbol\">&euro;<\/span><\/span><\/div>\n\t\t\t\t\n\t\t\t\t\n\t\t\t<\/li><\/ul><\/div><\/div><\/div>\n\n\n\n<div class=\"wp-block-group gamme_group_cat\"><div class=\"wp-block-group__inner-container is-layout-constrained wp-block-group-is-layout-constrained\">\n<h2 class=\"wp-block-heading\">Les Exceptionnelles<\/h2>\n\n\n\n<hr class=\"wp-block-separator has-alpha-channel-opacity\"\/>\n\n\n<div data-block-name=\"woocommerce\/product-category\" data-categories=\"[141]\" data-content-visibility=\"{&quot;image&quot;:true,&quot;title&quot;:true,&quot;price&quot;:true,&quot;rating&quot;:false,&quot;button&quot;:false}\" class=\"wc-block-grid wp-block-product-category wp-block-woocommerce-product-category wc-block-product-category has-3-columns has-multiple-rows exceptionnelles_container\"><ul class=\"wc-block-grid__products\"><li class=\"wc-block-grid__product\">\n\t\t\t\t<a href=\"https:\/\/champagne-oudart.com\/en\/product\/blanc-de-noirs\/\" class=\"wc-block-grid__product-link\">\n\t\t\t\t\t\n\t\t\t\t\t<div class=\"wc-block-grid__product-image\"><img loading=\"lazy\" decoding=\"async\" width=\"324\" height=\"487\" src=\"https:\/\/champagne-oudart.com\/wp-content\/uploads\/2019\/04\/WEBBLANCDENOIRS-Photoroom-324x487.png\" class=\"attachment-woocommerce_thumbnail size-woocommerce_thumbnail\" alt=\"Blanc de Noirs\" srcset=\"https:\/\/champagne-oudart.com\/wp-content\/uploads\/2019\/04\/WEBBLANCDENOIRS-Photoroom-324x487.png 324w, https:\/\/champagne-oudart.com\/wp-content\/uploads\/2019\/04\/WEBBLANCDENOIRS-Photoroom-332x500.png 332w, https:\/\/champagne-oudart.com\/wp-content\/uploads\/2019\/04\/WEBBLANCDENOIRS-Photoroom-681x1024.png 681w, https:\/\/champagne-oudart.com\/wp-content\/uploads\/2019\/04\/WEBBLANCDENOIRS-Photoroom-768x1155.png 768w, https:\/\/champagne-oudart.com\/wp-content\/uploads\/2019\/04\/WEBBLANCDENOIRS-Photoroom-8x12.png 8w, https:\/\/champagne-oudart.com\/wp-content\/uploads\/2019\/04\/WEBBLANCDENOIRS-Photoroom-416x626.png 416w, https:\/\/champagne-oudart.com\/wp-content\/uploads\/2019\/04\/WEBBLANCDENOIRS-Photoroom.png 851w\" sizes=\"auto, (max-width: 324px) 100vw, 324px\" \/><\/div>\n\t\t\t\t\t<div class=\"wc-block-grid__product-title\">Blanc de Noirs<\/div>\n\t\t\t\t<\/a>\n\t\t\t\t<div class=\"wc-block-grid__product-price price\"><span class=\"woocommerce-Price-amount amount\">37,00&nbsp;<span class=\"woocommerce-Price-currencySymbol\">&euro;<\/span><\/span><\/div>\n\t\t\t\t\n\t\t\t\t\n\t\t\t<\/li><li class=\"wc-block-grid__product\">\n\t\t\t\t<a href=\"https:\/\/champagne-oudart.com\/en\/product\/chardonnay-brut-millesime\/\" class=\"wc-block-grid__product-link\">\n\t\t\t\t\t\n\t\t\t\t\t<div class=\"wc-block-grid__product-image\"><img loading=\"lazy\" decoding=\"async\" width=\"324\" height=\"487\" src=\"https:\/\/champagne-oudart.com\/wp-content\/uploads\/2019\/04\/WEBCHARDONNAYMIL-Photoroom-324x487.png\" class=\"attachment-woocommerce_thumbnail size-woocommerce_thumbnail\" alt=\"Chardonnay Brut Mill\u00e9sim\u00e9 2018\" srcset=\"https:\/\/champagne-oudart.com\/wp-content\/uploads\/2019\/04\/WEBCHARDONNAYMIL-Photoroom-324x487.png 324w, https:\/\/champagne-oudart.com\/wp-content\/uploads\/2019\/04\/WEBCHARDONNAYMIL-Photoroom-332x500.png 332w, https:\/\/champagne-oudart.com\/wp-content\/uploads\/2019\/04\/WEBCHARDONNAYMIL-Photoroom-681x1024.png 681w, https:\/\/champagne-oudart.com\/wp-content\/uploads\/2019\/04\/WEBCHARDONNAYMIL-Photoroom-768x1155.png 768w, https:\/\/champagne-oudart.com\/wp-content\/uploads\/2019\/04\/WEBCHARDONNAYMIL-Photoroom-8x12.png 8w, https:\/\/champagne-oudart.com\/wp-content\/uploads\/2019\/04\/WEBCHARDONNAYMIL-Photoroom-416x626.png 416w, https:\/\/champagne-oudart.com\/wp-content\/uploads\/2019\/04\/WEBCHARDONNAYMIL-Photoroom.png 851w\" sizes=\"auto, (max-width: 324px) 100vw, 324px\" \/><\/div>\n\t\t\t\t\t<div class=\"wc-block-grid__product-title\">Chardonnay Brut Mill\u00e9sim\u00e9 2018<\/div>\n\t\t\t\t<\/a>\n\t\t\t\t<div class=\"wc-block-grid__product-price price\"><span class=\"woocommerce-Price-amount amount\">41,00&nbsp;<span class=\"woocommerce-Price-currencySymbol\">&euro;<\/span><\/span><\/div>\n\t\t\t\t\n\t\t\t\t\n\t\t\t<\/li><li class=\"wc-block-grid__product\">\n\t\t\t\t<a href=\"https:\/\/champagne-oudart.com\/en\/product\/extra-brut-millesime-2020\/\" class=\"wc-block-grid__product-link\">\n\t\t\t\t\t\n\t\t\t\t\t<div class=\"wc-block-grid__product-image\"><img loading=\"lazy\" decoding=\"async\" width=\"324\" height=\"487\" src=\"https:\/\/champagne-oudart.com\/wp-content\/uploads\/2019\/04\/WEBEXTRABRUTMILLESIME-Photoroom-324x487.png\" class=\"attachment-woocommerce_thumbnail size-woocommerce_thumbnail\" alt=\"Extra-Brut Mill\u00e9sim\u00e9 2020\" srcset=\"https:\/\/champagne-oudart.com\/wp-content\/uploads\/2019\/04\/WEBEXTRABRUTMILLESIME-Photoroom-324x487.png 324w, https:\/\/champagne-oudart.com\/wp-content\/uploads\/2019\/04\/WEBEXTRABRUTMILLESIME-Photoroom-332x500.png 332w, https:\/\/champagne-oudart.com\/wp-content\/uploads\/2019\/04\/WEBEXTRABRUTMILLESIME-Photoroom-681x1024.png 681w, https:\/\/champagne-oudart.com\/wp-content\/uploads\/2019\/04\/WEBEXTRABRUTMILLESIME-Photoroom-768x1155.png 768w, https:\/\/champagne-oudart.com\/wp-content\/uploads\/2019\/04\/WEBEXTRABRUTMILLESIME-Photoroom-8x12.png 8w, https:\/\/champagne-oudart.com\/wp-content\/uploads\/2019\/04\/WEBEXTRABRUTMILLESIME-Photoroom-416x626.png 416w, https:\/\/champagne-oudart.com\/wp-content\/uploads\/2019\/04\/WEBEXTRABRUTMILLESIME-Photoroom.png 851w\" sizes=\"auto, (max-width: 324px) 100vw, 324px\" \/><\/div>\n\t\t\t\t\t<div class=\"wc-block-grid__product-title\">Extra-Brut Mill\u00e9sim\u00e9 2020<\/div>\n\t\t\t\t<\/a>\n\t\t\t\t<div class=\"wc-block-grid__product-price price\"><span class=\"woocommerce-Price-amount amount\">38,00&nbsp;<span class=\"woocommerce-Price-currencySymbol\">&euro;<\/span><\/span><\/div>\n\t\t\t\t\n\t\t\t\t\n\t\t\t<\/li><\/ul><\/div><\/div><\/div>\n\n\n\n<div class=\"wp-block-group gamme_group_cat\"><div class=\"wp-block-group__inner-container is-layout-constrained wp-block-group-is-layout-constrained\">\n<h2 class=\"wp-block-heading\">The Unique<\/h2>\n\n\n\n<hr class=\"wp-block-separator has-alpha-channel-opacity\"\/>\n\n\n<div data-block-name=\"woocommerce\/product-category\" data-categories=\"[142]\" data-columns=\"1\" data-content-visibility=\"{&quot;image&quot;:true,&quot;title&quot;:true,&quot;price&quot;:true,&quot;rating&quot;:false,&quot;button&quot;:false}\" class=\"wc-block-grid wp-block-product-category wp-block-woocommerce-product-category wc-block-product-category has-1-columns has-multiple-rows unique_container\"><ul class=\"wc-block-grid__products\"><li class=\"wc-block-grid__product\">\n\t\t\t\t<a href=\"https:\/\/champagne-oudart.com\/en\/product\/cuvee-juliana-nature-millesimee-2009\/\" class=\"wc-block-grid__product-link\">\n\t\t\t\t\t\n\t\t\t\t\t<div class=\"wc-block-grid__product-image\"><img loading=\"lazy\" decoding=\"async\" width=\"324\" height=\"487\" src=\"https:\/\/champagne-oudart.com\/wp-content\/uploads\/2019\/04\/WEBJULIANA-Photoroom-324x487.png\" class=\"attachment-woocommerce_thumbnail size-woocommerce_thumbnail\" alt=\"Cuv\u00e9e Juliana Mill\u00e9sim\u00e9e 2015\" srcset=\"https:\/\/champagne-oudart.com\/wp-content\/uploads\/2019\/04\/WEBJULIANA-Photoroom-324x487.png 324w, https:\/\/champagne-oudart.com\/wp-content\/uploads\/2019\/04\/WEBJULIANA-Photoroom-332x500.png 332w, https:\/\/champagne-oudart.com\/wp-content\/uploads\/2019\/04\/WEBJULIANA-Photoroom-681x1024.png 681w, https:\/\/champagne-oudart.com\/wp-content\/uploads\/2019\/04\/WEBJULIANA-Photoroom-768x1155.png 768w, https:\/\/champagne-oudart.com\/wp-content\/uploads\/2019\/04\/WEBJULIANA-Photoroom-8x12.png 8w, https:\/\/champagne-oudart.com\/wp-content\/uploads\/2019\/04\/WEBJULIANA-Photoroom-416x626.png 416w, https:\/\/champagne-oudart.com\/wp-content\/uploads\/2019\/04\/WEBJULIANA-Photoroom.png 851w\" sizes=\"auto, (max-width: 324px) 100vw, 324px\" \/><\/div>\n\t\t\t\t\t<div class=\"wc-block-grid__product-title\">Cuv\u00e9e Juliana Mill\u00e9sim\u00e9e 2015<\/div>\n\t\t\t\t<\/a>\n\t\t\t\t<div class=\"wc-block-grid__product-price price\"><span class=\"woocommerce-Price-amount amount\">60,00&nbsp;<span class=\"woocommerce-Price-currencySymbol\">&euro;<\/span><\/span><\/div>\n\t\t\t\t\n\t\t\t\t\n\t\t\t<\/li><\/ul><\/div><\/div><\/div>\n\n\n\n<div class=\"wp-block-group gamme_group_cat\"><div class=\"wp-block-group__inner-container is-layout-constrained wp-block-group-is-layout-constrained\">\n<h2 class=\"wp-block-heading\">Les Authentiques<\/h2>\n\n\n\n<hr class=\"wp-block-separator has-alpha-channel-opacity\"\/>\n\n\n<div data-block-name=\"woocommerce\/product-category\" data-categories=\"[206]\" data-content-visibility=\"{&quot;image&quot;:true,&quot;title&quot;:true,&quot;price&quot;:true,&quot;rating&quot;:false,&quot;button&quot;:false}\" class=\"wc-block-grid wp-block-product-category wp-block-woocommerce-product-category wc-block-product-category has-3-columns has-multiple-rows authentiques_container\"><ul class=\"wc-block-grid__products\"><li class=\"wc-block-grid__product\">\n\t\t\t\t<a href=\"https:\/\/champagne-oudart.com\/en\/product\/ratafia\/\" class=\"wc-block-grid__product-link\">\n\t\t\t\t\t\n\t\t\t\t\t<div class=\"wc-block-grid__product-image\"><img loading=\"lazy\" decoding=\"async\" width=\"214\" height=\"800\" src=\"https:\/\/champagne-oudart.com\/wp-content\/uploads\/2019\/05\/btl_Ratafia.png\" class=\"attachment-woocommerce_thumbnail size-woocommerce_thumbnail\" alt=\"Ratafia\" srcset=\"https:\/\/champagne-oudart.com\/wp-content\/uploads\/2019\/05\/btl_Ratafia.png 214w, https:\/\/champagne-oudart.com\/wp-content\/uploads\/2019\/05\/btl_Ratafia-134x500.png 134w\" sizes=\"auto, (max-width: 214px) 100vw, 214px\" \/><\/div>\n\t\t\t\t\t<div class=\"wc-block-grid__product-title\">Ratafia<\/div>\n\t\t\t\t<\/a>\n\t\t\t\t<div class=\"wc-block-grid__product-price price\"><span class=\"woocommerce-Price-amount amount\">28,00&nbsp;<span class=\"woocommerce-Price-currencySymbol\">&euro;<\/span><\/span><\/div>\n\t\t\t\t\n\t\t\t\t\n\t\t\t<\/li><li class=\"wc-block-grid__product\">\n\t\t\t\t<a href=\"https:\/\/champagne-oudart.com\/en\/product\/marc-de-champagne\/\" class=\"wc-block-grid__product-link\">\n\t\t\t\t\t\n\t\t\t\t\t<div class=\"wc-block-grid__product-image\"><img loading=\"lazy\" decoding=\"async\" width=\"214\" height=\"800\" src=\"https:\/\/champagne-oudart.com\/wp-content\/uploads\/2019\/05\/btl_Marc-de-champagne.png\" class=\"attachment-woocommerce_thumbnail size-woocommerce_thumbnail\" alt=\"Marc de champagne\" srcset=\"https:\/\/champagne-oudart.com\/wp-content\/uploads\/2019\/05\/btl_Marc-de-champagne.png 214w, https:\/\/champagne-oudart.com\/wp-content\/uploads\/2019\/05\/btl_Marc-de-champagne-134x500.png 134w\" sizes=\"auto, (max-width: 214px) 100vw, 214px\" \/><\/div>\n\t\t\t\t\t<div class=\"wc-block-grid__product-title\">Marc de champagne<\/div>\n\t\t\t\t<\/a>\n\t\t\t\t<div class=\"wc-block-grid__product-price price\"><span class=\"woocommerce-Price-amount amount\">52,00&nbsp;<span class=\"woocommerce-Price-currencySymbol\">&euro;<\/span><\/span><\/div>\n\t\t\t\t\n\t\t\t\t\n\t\t\t<\/li><li class=\"wc-block-grid__product\">\n\t\t\t\t<a href=\"https:\/\/champagne-oudart.com\/en\/product\/fine-de-champagne\/\" class=\"wc-block-grid__product-link\">\n\t\t\t\t\t\n\t\t\t\t\t<div class=\"wc-block-grid__product-image\"><img loading=\"lazy\" decoding=\"async\" width=\"214\" height=\"800\" src=\"https:\/\/champagne-oudart.com\/wp-content\/uploads\/2019\/05\/btl_Fine-de-champagne.png\" class=\"attachment-woocommerce_thumbnail size-woocommerce_thumbnail\" alt=\"Fine de champagne\" srcset=\"https:\/\/champagne-oudart.com\/wp-content\/uploads\/2019\/05\/btl_Fine-de-champagne.png 214w, https:\/\/champagne-oudart.com\/wp-content\/uploads\/2019\/05\/btl_Fine-de-champagne-134x500.png 134w\" sizes=\"auto, (max-width: 214px) 100vw, 214px\" \/><\/div>\n\t\t\t\t\t<div class=\"wc-block-grid__product-title\">Fine de champagne<\/div>\n\t\t\t\t<\/a>\n\t\t\t\t<div class=\"wc-block-grid__product-price price\"><span class=\"woocommerce-Price-amount amount\">52,00&nbsp;<span class=\"woocommerce-Price-currencySymbol\">&euro;<\/span><\/span><\/div>\n\t\t\t\t\n\t\t\t\t\n\t\t\t<\/li><\/ul><\/div><\/div><\/div>\n\n\n\n<div class=\"wp-block-group gamme_group_cat\"><div class=\"wp-block-group__inner-container is-layout-constrained wp-block-group-is-layout-constrained\">\n<h2 class=\"wp-block-heading\">Les Expressives<\/h2>\n\n\n\n<hr class=\"wp-block-separator has-alpha-channel-opacity\"\/>\n\n\n<div data-block-name=\"woocommerce\/product-category\" data-categories=\"[203]\" data-columns=\"1\" data-content-visibility=\"{&quot;image&quot;:true,&quot;title&quot;:true,&quot;price&quot;:true,&quot;rating&quot;:false,&quot;button&quot;:false}\" class=\"wc-block-grid wp-block-product-category wp-block-woocommerce-product-category wc-block-product-category has-1-columns has-multiple-rows\"><ul class=\"wc-block-grid__products\"><li class=\"wc-block-grid__product\">\n\t\t\t\t<a href=\"https:\/\/champagne-oudart.com\/en\/product\/sans-sulfites-ajoutes\/\" class=\"wc-block-grid__product-link\">\n\t\t\t\t\t\n\t\t\t\t\t<div class=\"wc-block-grid__product-image\"><img loading=\"lazy\" decoding=\"async\" width=\"324\" height=\"487\" src=\"https:\/\/champagne-oudart.com\/wp-content\/uploads\/2024\/11\/brut-nature-Photoroom-324x487.png\" class=\"attachment-woocommerce_thumbnail size-woocommerce_thumbnail\" alt=\"Champagne Etienne Oudart, Brut sans sulfites ajout\u00e9s, AOC Champagne, Effervescent brut\" srcset=\"https:\/\/champagne-oudart.com\/wp-content\/uploads\/2024\/11\/brut-nature-Photoroom-324x487.png 324w, https:\/\/champagne-oudart.com\/wp-content\/uploads\/2024\/11\/brut-nature-Photoroom-332x500.png 332w, https:\/\/champagne-oudart.com\/wp-content\/uploads\/2024\/11\/brut-nature-Photoroom-681x1024.png 681w, https:\/\/champagne-oudart.com\/wp-content\/uploads\/2024\/11\/brut-nature-Photoroom-768x1155.png 768w, https:\/\/champagne-oudart.com\/wp-content\/uploads\/2024\/11\/brut-nature-Photoroom-8x12.png 8w, https:\/\/champagne-oudart.com\/wp-content\/uploads\/2024\/11\/brut-nature-Photoroom-416x626.png 416w, https:\/\/champagne-oudart.com\/wp-content\/uploads\/2024\/11\/brut-nature-Photoroom.png 851w\" sizes=\"auto, (max-width: 324px) 100vw, 324px\" \/><\/div>\n\t\t\t\t\t<div class=\"wc-block-grid__product-title\">Champagne Etienne Oudart, Brut sans sulfites ajout\u00e9s, AOC Champagne, Effervescent brut<\/div>\n\t\t\t\t<\/a>\n\t\t\t\t<div class=\"wc-block-grid__product-price price\"><span class=\"woocommerce-Price-amount amount\">48,00&nbsp;<span class=\"woocommerce-Price-currencySymbol\">&euro;<\/span><\/span><\/div>\n\t\t\t\t\n\t\t\t\t\n\t\t\t<\/li><\/ul><\/div><\/div><\/div>","protected":false},"excerpt":{"rendered":"<p>Notre gamme Les Originelles Les R\u00e9f\u00e9rences Les Exceptionnelles L&rsquo;Unique Les Authentiques Les Expressives<\/p>","protected":false},"author":8,"featured_media":0,"parent":0,"menu_order":0,"comment_status":"closed","ping_status":"closed","template":"","meta":{"footnotes":""},"class_list":["post-9012","page","type-page","status-publish","hentry"],"_links":{"self":[{"href":"https:\/\/champagne-oudart.com\/en\/wp-json\/wp\/v2\/pages\/9012","targetHints":{"allow":["GET"]}}],"collection":[{"href":"https:\/\/champagne-oudart.com\/en\/wp-json\/wp\/v2\/pages"}],"about":[{"href":"https:\/\/champagne-oudart.com\/en\/wp-json\/wp\/v2\/types\/page"}],"author":[{"embeddable":true,"href":"https:\/\/champagne-oudart.com\/en\/wp-json\/wp\/v2\/users\/8"}],"replies":[{"embeddable":true,"href":"https:\/\/champagne-oudart.com\/en\/wp-json\/wp\/v2\/comments?post=9012"}],"version-history":[{"count":21,"href":"https:\/\/champagne-oudart.com\/en\/wp-json\/wp\/v2\/pages\/9012\/revisions"}],"predecessor-version":[{"id":9051,"href":"https:\/\/champagne-oudart.com\/en\/wp-json\/wp\/v2\/pages\/9012\/revisions\/9051"}],"wp:attachment":[{"href":"https:\/\/champagne-oudart.com\/en\/wp-json\/wp\/v2\/media?parent=9012"}],"curies":[{"name":"wp","href":"https:\/\/api.w.org\/{rel}","templated":true}]}}