{"id":4032,"date":"2019-04-12T10:48:15","date_gmt":"2019-04-12T09:48:15","guid":{"rendered":"https:\/\/champagne-oudart.com\/?post_type=product&#038;p=4032"},"modified":"2026-02-13T15:42:06","modified_gmt":"2026-02-13T14:42:06","slug":"brut-origine","status":"publish","type":"product","link":"https:\/\/champagne-oudart.com\/en\/product\/brut-origine\/","title":{"rendered":"Brut Origine"},"content":{"rendered":"<div class=\"description_container product_custom_container\"><b>For a moment,<\/b><span style=\"font-weight: 400; font-family: 'Montserrat';\"><br \/>\nBe greedy and enjoy the generosity of its white fruit flavours. For a convivial moment or with cooked seafood.<\/span><\/div>\n<div class=\"recompenses_container product_custom_container\">\n<div class=\"recompense_div\">\n<div class=\"medal_container\"><img loading=\"lazy\" decoding=\"async\" src=\"https:\/\/champagne-oudart.com\/wp-content\/uploads\/2021\/07\/gg-or.png\" alt=\"\" width=\"200\" height=\"202\" \/><\/div>\n<p><i><span style=\"font-weight: 400; font-family: 'Montserrat';\">M\u00e9daille d&rsquo;Or au Concours International Gilbert &amp; Gaillard 2021<\/span><\/i><\/p>\n<\/div>\n<\/div>\n<div class=\"composition_container product_custom_container\">\n<h6 class=\"composition_title\">Blending<\/h6>\n<div class=\"cepage_container\">\n<p class=\"cepage_dose\">15%<\/p>\n<p class=\"cepage_name\">Pinot noir<\/p>\n<\/div>\n<div class=\"cepage_container\">\n<p class=\"cepage_dose\">60%<\/p>\n<p class=\"cepage_name\">Pinot meunier<\/p>\n<\/div>\n<div class=\"cepage_container\">\n<p class=\"cepage_dose\">25%<\/p>\n<p class=\"cepage_name\">Chardonnay<\/p>\n<\/div>\n<\/div>\n<div class=\"mets_vins_container product_custom_container\">\n<h6 class=\"mets_vins_title\">Food and wine pairing<\/h6>\n<ul class=\"mets_vins_list\">\n<li class=\"mets_vins_item\">As an aperitif<\/li>\n<\/ul>\n<\/div>","protected":false},"excerpt":{"rendered":"<p>Le Temps d&rsquo;un Instant, Soyez gourmand et profitez de la g\u00e9n\u00e9rosit\u00e9 de ses ar\u00f4mes de fruits blancs. Pour un moment de convivialit\u00e9 ou pour accompagner des fruits de mer cuisin\u00e9s. M\u00e9daille d&rsquo;Or au Concours International Gilbert &amp; Gaillard 2021 Assemblage 15% Pinot noir 60% Pinot meunier 25% Chardonnay Accord mets &#8211; vins \u00c0 l&rsquo;ap\u00e9ritif<\/p>","protected":false},"featured_media":9072,"template":"","meta":[],"product_brand":[],"product_cat":[139],"product_tag":[],"class_list":{"0":"post-4032","1":"product","2":"type-product","3":"status-publish","4":"has-post-thumbnail","6":"product_cat-les-originelles","8":"first","9":"instock","10":"shipping-taxable","11":"purchasable","12":"product-type-simple"},"_links":{"self":[{"href":"https:\/\/champagne-oudart.com\/en\/wp-json\/wp\/v2\/product\/4032","targetHints":{"allow":["GET"]}}],"collection":[{"href":"https:\/\/champagne-oudart.com\/en\/wp-json\/wp\/v2\/product"}],"about":[{"href":"https:\/\/champagne-oudart.com\/en\/wp-json\/wp\/v2\/types\/product"}],"wp:featuredmedia":[{"embeddable":true,"href":"https:\/\/champagne-oudart.com\/en\/wp-json\/wp\/v2\/media\/9072"}],"wp:attachment":[{"href":"https:\/\/champagne-oudart.com\/en\/wp-json\/wp\/v2\/media?parent=4032"}],"wp:term":[{"taxonomy":"product_brand","embeddable":true,"href":"https:\/\/champagne-oudart.com\/en\/wp-json\/wp\/v2\/product_brand?post=4032"},{"taxonomy":"product_cat","embeddable":true,"href":"https:\/\/champagne-oudart.com\/en\/wp-json\/wp\/v2\/product_cat?post=4032"},{"taxonomy":"product_tag","embeddable":true,"href":"https:\/\/champagne-oudart.com\/en\/wp-json\/wp\/v2\/product_tag?post=4032"}],"curies":[{"name":"wp","href":"https:\/\/api.w.org\/{rel}","templated":true}]}}