{"id":4033,"date":"2019-04-12T10:50:09","date_gmt":"2019-04-12T09:50:09","guid":{"rendered":"https:\/\/champagne-oudart.com\/?post_type=product&#038;p=4033"},"modified":"2025-02-25T09:08:33","modified_gmt":"2025-02-25T08:08:33","slug":"demi-sec-origine","status":"publish","type":"product","link":"https:\/\/champagne-oudart.com\/en\/product\/demi-sec-origine\/","title":{"rendered":"Demi-Sec R\u00e9f\u00e9rence"},"content":{"rendered":"<div class=\"description_container product_custom_container\"><b>For a moment,<\/b><span style=\"font-weight: 400; font-family: 'Montserrat';\"> Enjoy the smoothness and the tenderness of this vintage with dry fruits and grilled chestnut flavours. Perfect for a sweet-sour cuisine.<\/span><\/div>\n<div class=\"composition_container product_custom_container\">\n<h6 class=\"composition_title\">Blending<\/h6>\n<div class=\"cepage_container\">\n<p class=\"cepage_dose\">33%<\/p>\n<p class=\"cepage_name\">Pinot noir<\/p>\n<\/div>\n<div class=\"cepage_container\">\n<p class=\"cepage_dose\">33%<\/p>\n<p class=\"cepage_name\">Pinot meunier<\/p>\n<\/div>\n<div class=\"cepage_container\">\n<p class=\"cepage_dose\">33%<\/p>\n<p class=\"cepage_name\">Chardonnay<\/p>\n<\/div>\n<\/div>","protected":false},"excerpt":{"rendered":"<p>Le Temps d&rsquo;un Instant, Savourez l&rsquo;onctuosit\u00e9, la tendresse de cette cuv\u00e9e aux ar\u00f4mes de fruits secs et de ch\u00e2taignes grill\u00e9es. Parfait pour accompagner une cuisine sucr\u00e9-sal\u00e9. Assemblage 33% Pinot noir 33% Pinot meunier 33% Chardonnay<\/p>","protected":false},"featured_media":9100,"template":"","meta":[],"product_brand":[],"product_cat":[140],"product_tag":[],"class_list":{"0":"post-4033","1":"product","2":"type-product","3":"status-publish","4":"has-post-thumbnail","6":"product_cat-les-references","8":"first","9":"instock","10":"shipping-taxable","11":"purchasable","12":"product-type-simple"},"_links":{"self":[{"href":"https:\/\/champagne-oudart.com\/en\/wp-json\/wp\/v2\/product\/4033","targetHints":{"allow":["GET"]}}],"collection":[{"href":"https:\/\/champagne-oudart.com\/en\/wp-json\/wp\/v2\/product"}],"about":[{"href":"https:\/\/champagne-oudart.com\/en\/wp-json\/wp\/v2\/types\/product"}],"wp:featuredmedia":[{"embeddable":true,"href":"https:\/\/champagne-oudart.com\/en\/wp-json\/wp\/v2\/media\/9100"}],"wp:attachment":[{"href":"https:\/\/champagne-oudart.com\/en\/wp-json\/wp\/v2\/media?parent=4033"}],"wp:term":[{"taxonomy":"product_brand","embeddable":true,"href":"https:\/\/champagne-oudart.com\/en\/wp-json\/wp\/v2\/product_brand?post=4033"},{"taxonomy":"product_cat","embeddable":true,"href":"https:\/\/champagne-oudart.com\/en\/wp-json\/wp\/v2\/product_cat?post=4033"},{"taxonomy":"product_tag","embeddable":true,"href":"https:\/\/champagne-oudart.com\/en\/wp-json\/wp\/v2\/product_tag?post=4033"}],"curies":[{"name":"wp","href":"https:\/\/api.w.org\/{rel}","templated":true}]}}