{"id":4034,"date":"2019-04-12T10:50:56","date_gmt":"2019-04-12T09:50:56","guid":{"rendered":"https:\/\/champagne-oudart.com\/?post_type=product&#038;p=4034"},"modified":"2025-02-13T18:22:20","modified_gmt":"2025-02-13T17:22:20","slug":"brut-rose-reference","status":"publish","type":"product","link":"https:\/\/champagne-oudart.com\/en\/product\/brut-rose-reference\/","title":{"rendered":"Brut Ros\u00e9 R\u00e9f\u00e9rence"},"content":{"rendered":"<div class=\"description_container product_custom_container\">\n<b>For a moment,<\/b><span style=\"font-weight: 400;font-family: 'Montserrat';\"><br \/>\nEnjoy the discrete and sweet red fruits flavours, and share this moment, in the afternoon,<br \/>\nwith a raspberry sorbet or a fine tart.<\/span><\/div>\n<div class=\"recompenses_container product_custom_container\">\n<div class=\"recompense_div\">\n<div class=\"medal_container\">\n<img loading=\"lazy\" decoding=\"async\" src=\"https:\/\/champagne-oudart.com\/wp-content\/uploads\/2021\/07\/gg-or.png\" alt=\"\" width=\"213\" height=\"200\"\/>\n<\/div>\n<p><i><span style=\"font-weight: 400;font-family: 'Montserrat';\">M\u00e9daille d\u2019Or au Concours International Gilbert &#038; Gaillard 2021<\/span><\/i>\n<\/div>\n<\/div>\n<div class=\"comments_container product_custom_container\">\n<p class=\"comments_content\">\n\u00ab\u00a0Solid pink robe. Scent of red fruits, simple and engaging, with a hint of watermelon. The taste is likely efficient and accessible. A pink champagne to be enjoyed very cool for the aperitif.\u00a0\u00bb\n<\/p>\n<p class=\"sign\"><a href=\"https:\/\/fr.gilbertgaillard.com\/\">Gilbert &#038; Gaillard<\/a><\/p>\n<\/div>\n<div class=\"composition_container product_custom_container\">\n<h6 class=\"composition_title\">Blending<\/h6>\n<div class=\"cepage_container\">\n<p class=\"cepage_dose\">30%<\/p>\n<p class=\"cepage_name\">Pinot noir<\/p>\n<\/div>\n<div class=\"cepage_container\">\n<p class=\"cepage_dose\">50%<\/p>\n<p class=\"cepage_name\">Pinot meunier<\/p>\n<\/div>\n<div class=\"cepage_container\">\n<p class=\"cepage_dose\">20%<\/p>\n<p class=\"cepage_name\">Chardonnay<\/p>\n<\/div>\n<\/div>\n<div class=\"mets_vins_container product_custom_container\">\n<h6 class=\"mets_vins_title\">Food and wine pairing<\/h6>\n<p class=\"mets_vins_content\">\n<ul class=\"mets_vins_list\">\n<li class=\"mets_vins_item\">Fruit soup : strawberries, blueberries, blackcurrants<\/li>\n<li class=\"mets_vins_item\">Clafoutis<\/li>\n<li class=\"mets_vins_item\">Chaource (French goat cheese)<\/li>\n<li class=\"mets_vins_item\">Land and sea pizza<\/li>\n<\/ul>\n<\/div>","protected":false},"excerpt":{"rendered":"<p>Le Temps d&rsquo;un Instant, D\u00e9couvrez les ar\u00f4mes de fruits rouges, tout en discr\u00e9tion et en douceur et partagez ce moment, un apr\u00e8s-midi, autour d&rsquo;un sorbet framboise ou d&rsquo;une fine tartelette. M\u00e9daille d\u2019Or au Concours International Gilbert &#038; Gaillard 2021 \u00ab\u00a0Robe rose franc. Nez de fruits rouges simple et engageant, \u00e9voquant un peu la past\u00e8que. La [&hellip;]<\/p>","protected":false},"featured_media":9078,"template":"","meta":[],"product_brand":[],"product_cat":[140],"product_tag":[],"class_list":{"0":"post-4034","1":"product","2":"type-product","3":"status-publish","4":"has-post-thumbnail","6":"product_cat-les-references","8":"first","9":"instock","10":"shipping-taxable","11":"purchasable","12":"product-type-variable","13":"has-default-attributes"},"_links":{"self":[{"href":"https:\/\/champagne-oudart.com\/en\/wp-json\/wp\/v2\/product\/4034","targetHints":{"allow":["GET"]}}],"collection":[{"href":"https:\/\/champagne-oudart.com\/en\/wp-json\/wp\/v2\/product"}],"about":[{"href":"https:\/\/champagne-oudart.com\/en\/wp-json\/wp\/v2\/types\/product"}],"wp:featuredmedia":[{"embeddable":true,"href":"https:\/\/champagne-oudart.com\/en\/wp-json\/wp\/v2\/media\/9078"}],"wp:attachment":[{"href":"https:\/\/champagne-oudart.com\/en\/wp-json\/wp\/v2\/media?parent=4034"}],"wp:term":[{"taxonomy":"product_brand","embeddable":true,"href":"https:\/\/champagne-oudart.com\/en\/wp-json\/wp\/v2\/product_brand?post=4034"},{"taxonomy":"product_cat","embeddable":true,"href":"https:\/\/champagne-oudart.com\/en\/wp-json\/wp\/v2\/product_cat?post=4034"},{"taxonomy":"product_tag","embeddable":true,"href":"https:\/\/champagne-oudart.com\/en\/wp-json\/wp\/v2\/product_tag?post=4034"}],"curies":[{"name":"wp","href":"https:\/\/api.w.org\/{rel}","templated":true}]}}