{"id":4035,"date":"2019-04-12T10:51:26","date_gmt":"2019-04-12T09:51:26","guid":{"rendered":"https:\/\/champagne-oudart.com\/?post_type=product&#038;p=4035"},"modified":"2025-02-13T18:20:48","modified_gmt":"2025-02-13T17:20:48","slug":"brut-reference","status":"publish","type":"product","link":"https:\/\/champagne-oudart.com\/en\/product\/brut-reference\/","title":{"rendered":"Brut R\u00e9f\u00e9rence"},"content":{"rendered":"<div class=\"description_container product_custom_container\"><b>For a moment,<\/b><span style=\"font-weight: 400; font-family: 'Montserrat';\"><br \/>\nTaste this freshness burst that reveals our skills. Our reference for the aperitif or to enjoy seafood.<\/span><\/div>\n<div><\/div>\n<div class=\"recompenses_container product_custom_container\">\n<div class=\"recompense_div\">\n<div class=\"medal_container\"><img loading=\"lazy\" decoding=\"async\" class=\"alignnone size-thumbnail wp-image-7994\" style=\"font-family: Montserrat; font-style: italic;\" src=\"https:\/\/champagne-oudart.com\/wp-content\/uploads\/2021\/07\/gg90.png\" alt=\"\" width=\"250\" height=\"250\" \/><\/div>\n<div><span style=\"font-weight: 400; font-family: 'Montserrat'; font-style: italic;\">Concours International Gilbert &amp; Gaillard 2021 : m\u00e9daille 90 points<br \/>\n<\/span><\/div>\n<\/div>\n<div class=\"recompense_div\">\n<div class=\"medal_container\"><img loading=\"lazy\" decoding=\"async\" class=\"alignleft\" style=\"font-family: Georgia, 'Times New Roman', 'Bitstream Charter', Times, serif;\" src=\"https:\/\/champagne-oudart.com\/wp-content\/uploads\/2021\/07\/lyonrgeantcropped-1.png\" alt=\"\" width=\"133\" height=\"133\" \/><\/div>\n<p><span style=\"font-weight: 400; font-family: 'Montserrat'; font-style: italic;\">M\u00e9daille d&rsquo;Argent au Concours International de Lyon 2021<\/span><\/div>\n<div class=\"recompense_div\">\n<div class=\"medal_container\"><img loading=\"lazy\" decoding=\"async\" src=\"https:\/\/champagne-oudart.com\/wp-content\/uploads\/2021\/07\/bdbronze.jpg\" alt=\"\" width=\"203\" height=\"200\" \/><\/div>\n<p><span style=\"font-weight: 400; font-family: 'Montserrat'; font-style: italic;\">M\u00e9daille de Bronze au Concours<br \/>\nBettane+Desseauve 2021<\/span><\/div>\n<\/div>\n<div class=\"comments_container product_custom_container\">\n<p class=\"comments_content\">\u00ab\u00a0Deep gold robe. Expressive scent, ripe fruit, with exotic fruits flavours (pineapple). Loose and generous taste, offering rich flavours. Liveliness contributes to its balance. A cocktail champagne.\u00a0\u00bb<\/p>\n<p class=\"sign\"><a href=\"https:\/\/fr.gilbertgaillard.com\/\">Gilbert &amp; Gaillard<\/a><\/p>\n<\/div>\n<div class=\"composition_container product_custom_container\">\n<h6 class=\"composition_title\">Blending<\/h6>\n<div class=\"cepage_container\">\n<p class=\"cepage_dose\">33%<\/p>\n<p class=\"cepage_name\">Pinot noir<\/p>\n<\/div>\n<div class=\"cepage_container\">\n<p class=\"cepage_dose\">33%<\/p>\n<p class=\"cepage_name\">Pinot meunier<\/p>\n<\/div>\n<div class=\"cepage_container\">\n<p class=\"cepage_dose\">33%<\/p>\n<p class=\"cepage_name\">Chardonnay<\/p>\n<\/div>\n<\/div>\n<div class=\"mets_vins_container product_custom_container\">\n<h6 class=\"mets_vins_title\">Food and wine pairing<\/h6>\n<ul class=\"mets_vins_list\">\n<li class=\"mets_vins_item\">Bayonne Ham for the aperitif<\/li>\n<li class=\"mets_vins_item\">Bresse chicken<\/li>\n<li class=\"mets_vins_item\">Beef carpaccio<\/li>\n<\/ul>\n<\/div>","protected":false},"excerpt":{"rendered":"<p>Le Temps d&rsquo;un Instant, Go\u00fbtez \u00e0 cette explosion de fra\u00eecheur qui r\u00e9v\u00e8le notre savoir-faire. Notre R\u00e9f\u00e9rence pour l&rsquo;ap\u00e9ritif ou pour savourer des fruits de mer. Concours International Gilbert &amp; Gaillard 2021 : m\u00e9daille 90 points M\u00e9daille d&rsquo;Argent au Concours International de Lyon 2021 M\u00e9daille de Bronze au Concours Bettane+Desseauve 2021 \u00ab\u00a0Robe jaune d&rsquo;or soutenu. Nez [&hellip;]<\/p>","protected":false},"featured_media":9074,"template":"","meta":[],"product_brand":[],"product_cat":[140],"product_tag":[],"class_list":{"0":"post-4035","1":"product","2":"type-product","3":"status-publish","4":"has-post-thumbnail","6":"product_cat-les-references","8":"first","9":"instock","10":"shipping-taxable","11":"purchasable","12":"product-type-variable","13":"has-default-attributes"},"_links":{"self":[{"href":"https:\/\/champagne-oudart.com\/en\/wp-json\/wp\/v2\/product\/4035","targetHints":{"allow":["GET"]}}],"collection":[{"href":"https:\/\/champagne-oudart.com\/en\/wp-json\/wp\/v2\/product"}],"about":[{"href":"https:\/\/champagne-oudart.com\/en\/wp-json\/wp\/v2\/types\/product"}],"wp:featuredmedia":[{"embeddable":true,"href":"https:\/\/champagne-oudart.com\/en\/wp-json\/wp\/v2\/media\/9074"}],"wp:attachment":[{"href":"https:\/\/champagne-oudart.com\/en\/wp-json\/wp\/v2\/media?parent=4035"}],"wp:term":[{"taxonomy":"product_brand","embeddable":true,"href":"https:\/\/champagne-oudart.com\/en\/wp-json\/wp\/v2\/product_brand?post=4035"},{"taxonomy":"product_cat","embeddable":true,"href":"https:\/\/champagne-oudart.com\/en\/wp-json\/wp\/v2\/product_cat?post=4035"},{"taxonomy":"product_tag","embeddable":true,"href":"https:\/\/champagne-oudart.com\/en\/wp-json\/wp\/v2\/product_tag?post=4035"}],"curies":[{"name":"wp","href":"https:\/\/api.w.org\/{rel}","templated":true}]}}