{"id":4036,"date":"2019-04-12T10:52:26","date_gmt":"2019-04-12T09:52:26","guid":{"rendered":"https:\/\/champagne-oudart.com\/?post_type=product&#038;p=4036"},"modified":"2026-02-13T15:45:03","modified_gmt":"2026-02-13T14:45:03","slug":"extra-brut-millesime-2020","status":"publish","type":"product","link":"https:\/\/champagne-oudart.com\/en\/product\/extra-brut-millesime-2020\/","title":{"rendered":"Extra-Brut Mill\u00e9sim\u00e9 2020"},"content":{"rendered":"<div class=\"description_container product_custom_container\"><b>For a moment,<\/b><span style=\"font-weight: 400; font-family: 'Montserrat';\"><br \/>\nTaste the Champagne Wine, expressing a unique and complex terroir. With lemon cooked fish or<br \/>\nfor a meeting with oenophiles.<\/span><\/div>\n<div class=\"recompenses_container product_custom_container\">\n<div class=\"recompense_div\">\n<div class=\"medal_container\"><img loading=\"lazy\" decoding=\"async\" src=\"https:\/\/champagne-oudart.com\/wp-content\/uploads\/2021\/07\/gg-or.png\" alt=\"\" width=\"207\" height=\"200\" \/><\/div>\n<p><i><span style=\"font-weight: 400; font-family: 'Montserrat';\">M\u00e9daille d\u2019Or au Concours International Gilbert &amp; Gaillard 2021<\/span><\/i><\/p>\n<\/div>\n<div class=\"recompense_div\">\n<div class=\"medal_container\"><img loading=\"lazy\" decoding=\"async\" src=\"https:\/\/champagne-oudart.com\/wp-content\/uploads\/2021\/07\/femi-or.png\" alt=\"\" width=\"200\" height=\"200\" \/><\/div>\n<p><i><span style=\"font-weight: 400; font-family: 'Montserrat';\">M\u00e9daille d\u2019Or au Concours Mondial des F\u00e9minalise 2021<\/span><\/i><\/p>\n<\/div>\n<\/div>\n<div class=\"comments_container product_custom_container\">\n<p class=\"comments_content\">\u00ab\u00a0Light gold robe. Engaging scent with fresh fruits (grapefruit, white fruits) and a subtle note of fresh butter. Well structured, strict and persistant taste. The fruit taste is enriched with a mineral sensation. A rather seducing minimalist expression.\u00a0\u00bb<\/p>\n<p class=\"sign\"><a href=\"https:\/\/fr.gilbertgaillard.com\/\">Gilbert &amp; Gaillard<\/a><\/p>\n<\/div>\n<div class=\"composition_container product_custom_container\">\n<h6 class=\"composition_title\">Blending<\/h6>\n<\/div>\n<div class=\"cepage_container\">\n<p class=\"cepage_dose\">100%<\/p>\n<p class=\"cepage_name\">Pinot meunier<\/p>\n<\/div>\n<\/div>\n<div class=\"mets_vins_container product_custom_container\">\n<h6 class=\"mets_vins_title\">Food and wine pairing<\/h6>\n<ul class=\"mets_vins_list\">\n<li class=\"mets_vins_item\">Langoustine with olive oil<\/li>\n<li class=\"mets_vins_item\">Ginger roasted prawns<\/li>\n<\/ul>\n<\/div>","protected":false},"excerpt":{"rendered":"<p>Le Temps d&rsquo;un Instant, D\u00e9gustez le Vin de Champagne, l&rsquo;expression d&rsquo;un terroir unique et complexe. A servir avec un poisson cuisin\u00e9 au citron ou lors d&rsquo;une rencontre entre oenophiles. M\u00e9daille d\u2019Or au Concours International Gilbert &amp; Gaillard 2021 M\u00e9daille d\u2019Or au Concours Mondial des F\u00e9minalise 2021 \u00ab\u00a0Robe jaune or clair. Nez engageant m\u00ealant fruits frais [&hellip;]<\/p>","protected":false},"featured_media":9076,"template":"","meta":[],"product_brand":[],"product_cat":[141],"product_tag":[],"class_list":{"0":"post-4036","1":"product","2":"type-product","3":"status-publish","4":"has-post-thumbnail","6":"product_cat-les-exceptionnelles","8":"first","9":"instock","10":"shipping-taxable","11":"purchasable","12":"product-type-simple"},"_links":{"self":[{"href":"https:\/\/champagne-oudart.com\/en\/wp-json\/wp\/v2\/product\/4036","targetHints":{"allow":["GET"]}}],"collection":[{"href":"https:\/\/champagne-oudart.com\/en\/wp-json\/wp\/v2\/product"}],"about":[{"href":"https:\/\/champagne-oudart.com\/en\/wp-json\/wp\/v2\/types\/product"}],"wp:featuredmedia":[{"embeddable":true,"href":"https:\/\/champagne-oudart.com\/en\/wp-json\/wp\/v2\/media\/9076"}],"wp:attachment":[{"href":"https:\/\/champagne-oudart.com\/en\/wp-json\/wp\/v2\/media?parent=4036"}],"wp:term":[{"taxonomy":"product_brand","embeddable":true,"href":"https:\/\/champagne-oudart.com\/en\/wp-json\/wp\/v2\/product_brand?post=4036"},{"taxonomy":"product_cat","embeddable":true,"href":"https:\/\/champagne-oudart.com\/en\/wp-json\/wp\/v2\/product_cat?post=4036"},{"taxonomy":"product_tag","embeddable":true,"href":"https:\/\/champagne-oudart.com\/en\/wp-json\/wp\/v2\/product_tag?post=4036"}],"curies":[{"name":"wp","href":"https:\/\/api.w.org\/{rel}","templated":true}]}}