{"id":4037,"date":"2019-04-12T10:53:01","date_gmt":"2019-04-12T09:53:01","guid":{"rendered":"https:\/\/champagne-oudart.com\/?post_type=product&#038;p=4037"},"modified":"2025-02-13T18:26:04","modified_gmt":"2025-02-13T17:26:04","slug":"chardonnay-brut-millesime","status":"publish","type":"product","link":"https:\/\/champagne-oudart.com\/en\/product\/chardonnay-brut-millesime\/","title":{"rendered":"Chardonnay Brut Mill\u00e9sim\u00e9 2018"},"content":{"rendered":"<div class=\"description_container product_custom_container\">\n<p><b>For a moment,<\/b><span style=\"font-weight: 400; font-family: 'Montserrat';\"> Appr\u00e9ciez l&rsquo;\u00e9l\u00e9gance d&rsquo;un 100% Chardonnay issu d&rsquo;une seule grande ann\u00e9e. Pour rehausser de vivacit\u00e9 des crustac\u00e9s fra\u00eechement p\u00each\u00e9s.<\/span><\/p>\n<p><i><span style=\"font-weight: 400; font-family: 'Montserrat'; font-size: 70%;\">* On vintage depletion, it will be replaced with the next vintage.<\/span><\/i><\/p>\n<p>&nbsp;<\/p>\n<\/div>\n<div class=\"recompenses_container product_custom_container\">\n<div class=\"recompense_div\">\n<p><img loading=\"lazy\" decoding=\"async\" class=\"alignnone size-thumbnail wp-image-7990\" src=\"https:\/\/champagne-oudart.com\/wp-content\/uploads\/2019\/04\/ChardonnayMondeOr2020-250x250.jpg\" alt=\"\" width=\"250\" height=\"250\" \/><\/p>\n<p><i><span style=\"font-weight: 400; font-family: 'Montserrat';\">M\u00e9daille d&rsquo;Or au Concours du Chardonnay du Monde 2020<\/span><\/i><\/p>\n<p><img loading=\"lazy\" decoding=\"async\" class=\"alignnone size-thumbnail wp-image-7991\" src=\"https:\/\/champagne-oudart.com\/wp-content\/uploads\/2019\/04\/b-or-gilbert-250x250.jpg\" alt=\"\" width=\"250\" height=\"250\" \/><\/p>\n<p><i><span style=\"font-weight: 400; font-family: 'Montserrat';\">M\u00e9daille d&rsquo;Or au Concours International Gilbert &amp; Gaillard 2020<\/span><\/i><\/p>\n<p><img loading=\"lazy\" decoding=\"async\" class=\"alignnone size-thumbnail wp-image-7992\" src=\"https:\/\/champagne-oudart.com\/wp-content\/uploads\/2019\/04\/le-concours-international-de-lyon-argent-250x250.png\" alt=\"\" width=\"250\" height=\"250\" \/><\/p>\n<p><i><span style=\"font-weight: 400; font-family: 'Montserrat';\">M\u00e9daille d&rsquo;Argent au Concours International de Lyon 2020<\/span><\/i><\/p>\n<\/div>\n<\/div>\n<div class=\"composition_container product_custom_container\">\n<h6 class=\"composition_title\">Blending<\/h6>\n<div class=\"cepage_container\">\n<p class=\"cepage_dose\">100%<\/p>\n<p class=\"cepage_name\">Chardonnay<\/p>\n<\/div>\n<\/div>\n<div class=\"mets_vins_container product_custom_container\">\n<h6 class=\"mets_vins_title\">Food and wine pairing<\/h6>\n<ul class=\"mets_vins_list\">\n<li class=\"mets_vins_item\">Seafood platter<\/li>\n<li class=\"mets_vins_item\">Tuna carpaccio with lime<\/li>\n<li class=\"mets_vins_item\">Lemon tart<\/li>\n<li class=\"mets_vins_item\">Golden brioche<\/li>\n<\/ul>\n<\/div>","protected":false},"excerpt":{"rendered":"<p>Le Temps d&rsquo;un Instant, Appr\u00e9ciez l&rsquo;\u00e9l\u00e9gance d&rsquo;un 100% Chardonnay issu d&rsquo;une seule grande ann\u00e9e. Pour rehausser de vivacit\u00e9 des crustac\u00e9s fra\u00eechement p\u00each\u00e9s. *A \u00e9puisement de ce Mill\u00e9sime, il sera remplac\u00e9 par le Mill\u00e9sime suivant. &nbsp; M\u00e9daille d&rsquo;Or au Concours du Chardonnay du Monde 2020 M\u00e9daille d&rsquo;Or au Concours International Gilbert &amp; Gaillard 2020 M\u00e9daille d&rsquo;Argent [&hellip;]<\/p>","protected":false},"featured_media":9075,"template":"","meta":[],"product_brand":[],"product_cat":[141],"product_tag":[],"class_list":{"0":"post-4037","1":"product","2":"type-product","3":"status-publish","4":"has-post-thumbnail","6":"product_cat-les-exceptionnelles","8":"first","9":"instock","10":"shipping-taxable","11":"purchasable","12":"product-type-simple"},"_links":{"self":[{"href":"https:\/\/champagne-oudart.com\/en\/wp-json\/wp\/v2\/product\/4037","targetHints":{"allow":["GET"]}}],"collection":[{"href":"https:\/\/champagne-oudart.com\/en\/wp-json\/wp\/v2\/product"}],"about":[{"href":"https:\/\/champagne-oudart.com\/en\/wp-json\/wp\/v2\/types\/product"}],"wp:featuredmedia":[{"embeddable":true,"href":"https:\/\/champagne-oudart.com\/en\/wp-json\/wp\/v2\/media\/9075"}],"wp:attachment":[{"href":"https:\/\/champagne-oudart.com\/en\/wp-json\/wp\/v2\/media?parent=4037"}],"wp:term":[{"taxonomy":"product_brand","embeddable":true,"href":"https:\/\/champagne-oudart.com\/en\/wp-json\/wp\/v2\/product_brand?post=4037"},{"taxonomy":"product_cat","embeddable":true,"href":"https:\/\/champagne-oudart.com\/en\/wp-json\/wp\/v2\/product_cat?post=4037"},{"taxonomy":"product_tag","embeddable":true,"href":"https:\/\/champagne-oudart.com\/en\/wp-json\/wp\/v2\/product_tag?post=4037"}],"curies":[{"name":"wp","href":"https:\/\/api.w.org\/{rel}","templated":true}]}}