{"id":4038,"date":"2019-04-12T10:53:31","date_gmt":"2019-04-12T09:53:31","guid":{"rendered":"https:\/\/champagne-oudart.com\/?post_type=product&#038;p=4038"},"modified":"2025-02-13T18:24:31","modified_gmt":"2025-02-13T17:24:31","slug":"blanc-de-noirs","status":"publish","type":"product","link":"https:\/\/champagne-oudart.com\/en\/product\/blanc-de-noirs\/","title":{"rendered":"Blanc de Noirs"},"content":{"rendered":"<div class=\"description_container product_custom_container\"><b>For a moment,<\/b><span style=\"font-weight: 400;font-family: 'Montserrat';\"> Discover the intense personality of this Pinot Noir and Pinot Meunier blending.  A unique revelation for the whole meal.<\/span><\/div>\n<div class=\"recompenses_container product_custom_container\">\n<div class=\"recompense_div\">\n<div class=\"medal_container\"><img loading=\"lazy\" decoding=\"async\" src=\"https:\/\/champagne-oudart.com\/wp-content\/uploads\/2021\/07\/gg-or.png\" alt=\"\" width=\"208\" height=\"200\"\/><\/div>\n<p><i><span style=\"font-weight: 400;font-family: 'Montserrat';\">M\u00e9daille d\u2019Or au Concours International Gilbert &#038; Gaillard 2021<\/span><\/i>\n<\/div>\n<div class=\"recompense_div\">\n<div class=\"medal_container\"><img loading=\"lazy\" decoding=\"async\" src=\"https:\/\/champagne-oudart.com\/wp-content\/uploads\/2021\/07\/lyon-or.png\" alt=\"\" width=\"208\" height=\"200\"\/><\/div>\n<p><i><span style=\"font-weight: 400;font-family: 'Montserrat';\">M\u00e9daille d\u2019Or au Concours International de Lyon 2021<\/span><\/i>\n<\/div>\n<\/div>\n<div class=\"comments_container product_custom_container\">\n<p class=\"comments_content\">\n\u00ab\u00a0Beautiful light gold robe. Profound scent with fruity notes (stonefruits, mirabelle). The first taste is fleshy and corpulent and reveals a pleasant fruit. This generosity is followed by straight and tense evolution and final. A pleasant vintage.\u00a0\u00bb\n<\/p>\n<p class=\"sign\"><a href=\"https:\/\/fr.gilbertgaillard.com\/\">Gilbert &#038; Gaillard<\/a><\/p>\n<\/div>\n<div class=\"composition_container product_custom_container\">\n<h6 class=\"composition_title\">Blending<\/h6>\n<div class=\"cepage_container\">\n<p class=\"cepage_dose\">75%<\/p>\n<p class=\"cepage_name\">Pinot noir<\/p>\n<\/div>\n<div class=\"cepage_container\">\n<p class=\"cepage_dose\">25%<\/p>\n<p class=\"cepage_name\">Pinot meunier<\/p>\n<\/div>\n<\/div>\n<div class=\"mets_vins_container product_custom_container\">\n<h6 class=\"mets_vins_title\">Food and wine pairing<\/h6>\n<p class=\"mets_vins_content\">\n<ul class=\"mets_vins_list\">\n<li class=\"mets_vins_item\">Lamb fillet with bear's garlic<\/li>\n<\/ul>\n<\/div>","protected":false},"excerpt":{"rendered":"<p>Le Temps d&rsquo;un Instant, D\u00e9couvrez le caract\u00e8re Intense de cet assemblage exclusivement fait de Pinot Noir et de Pinot Meunier. Une r\u00e9v\u00e9lation unique qui se d\u00e9gustera tout au long du repas. M\u00e9daille d\u2019Or au Concours International Gilbert &#038; Gaillard 2021 M\u00e9daille d\u2019Or au Concours International de Lyon 2021 \u00ab\u00a0Robe d&rsquo;un bel or clair. Nez profond [&hellip;]<\/p>","protected":false},"featured_media":9073,"template":"","meta":[],"product_brand":[],"product_cat":[141],"product_tag":[],"class_list":{"0":"post-4038","1":"product","2":"type-product","3":"status-publish","4":"has-post-thumbnail","6":"product_cat-les-exceptionnelles","8":"first","9":"instock","10":"shipping-taxable","11":"purchasable","12":"product-type-simple"},"_links":{"self":[{"href":"https:\/\/champagne-oudart.com\/en\/wp-json\/wp\/v2\/product\/4038","targetHints":{"allow":["GET"]}}],"collection":[{"href":"https:\/\/champagne-oudart.com\/en\/wp-json\/wp\/v2\/product"}],"about":[{"href":"https:\/\/champagne-oudart.com\/en\/wp-json\/wp\/v2\/types\/product"}],"wp:featuredmedia":[{"embeddable":true,"href":"https:\/\/champagne-oudart.com\/en\/wp-json\/wp\/v2\/media\/9073"}],"wp:attachment":[{"href":"https:\/\/champagne-oudart.com\/en\/wp-json\/wp\/v2\/media?parent=4038"}],"wp:term":[{"taxonomy":"product_brand","embeddable":true,"href":"https:\/\/champagne-oudart.com\/en\/wp-json\/wp\/v2\/product_brand?post=4038"},{"taxonomy":"product_cat","embeddable":true,"href":"https:\/\/champagne-oudart.com\/en\/wp-json\/wp\/v2\/product_cat?post=4038"},{"taxonomy":"product_tag","embeddable":true,"href":"https:\/\/champagne-oudart.com\/en\/wp-json\/wp\/v2\/product_tag?post=4038"}],"curies":[{"name":"wp","href":"https:\/\/api.w.org\/{rel}","templated":true}]}}