{"id":4039,"date":"2019-04-12T10:54:08","date_gmt":"2019-04-12T09:54:08","guid":{"rendered":"https:\/\/champagne-oudart.com\/?post_type=product&#038;p=4039"},"modified":"2025-02-13T18:27:43","modified_gmt":"2025-02-13T17:27:43","slug":"cuvee-juliana-nature-millesimee-2009","status":"publish","type":"product","link":"https:\/\/champagne-oudart.com\/en\/product\/cuvee-juliana-nature-millesimee-2009\/","title":{"rendered":"Cuv\u00e9e Juliana Mill\u00e9sim\u00e9e 2015"},"content":{"rendered":"<div class=\"description_container product_custom_container\"><b>For a moment,<\/b><span style=\"font-weight: 400; font-family: 'Montserrat';\"><br \/>\nLaissez vous envahir par une sensation de velours, plaisir unique et divin que procure cette Grande Cuv\u00e9e Juliana Mill\u00e9sim\u00e9e 2015,<br \/>\nfrom a selection of exceptional terroirs. For celebrations.<\/span><i><span style=\"font-weight: 400; font-family: 'Montserrat'; font-size: 70%;\">* On vintage depletion, it will be replaced with the next vintage.<\/span><\/i><\/div>\n<div class=\"recompenses_container product_custom_container\">\n<div class=\"recompense_div\">\n<div class=\"medal_container\"><img loading=\"lazy\" decoding=\"async\" src=\"https:\/\/champagne-oudart.com\/wp-content\/uploads\/2021\/07\/92gg-1.png\" alt=\"\" width=\"208\" height=\"200\" \/><\/div>\n<p><i><span style=\"font-weight: 400; font-family: 'Montserrat';\">Concours International Gilbert &#038; Gaillard 2021 : m\u00e9daille 92 points<\/span><\/i>\n<\/div>\n<div class=\"recompense_div\">\n<div class=\"medal_container\"><img loading=\"lazy\" decoding=\"async\" src=\"https:\/\/champagne-oudart.com\/wp-content\/uploads\/2021\/07\/lyon-or.png\" alt=\"\" width=\"208\" height=\"200\" \/><\/div>\n<p><i><span style=\"font-weight: 400; font-family: 'Montserrat';\">M\u00e9daille d&rsquo;Or au Concours International de Lyon 2021<\/span><\/i>\n<\/div>\n<\/div>\n<div class=\"comments_container product_custom_container\">\n<p class=\"comments_content\">\u00ab\u00a0Belle robe or clair. Nez expressif et d\u00e9licat, tonalit\u00e9s de fruits tr\u00e8s m\u00fbrs, note p\u00e2tissi\u00e8re. L&rsquo;ensemble est s\u00e9duisant. En bouche une attaque ample, beaucoup d&rsquo;onctuosit\u00e9, d&rsquo;expression, de volume. Une cuv\u00e9e de gastronomie tr\u00e8s compl\u00e8te.\u00a0\u00bb<\/p>\n<p class=\"sign\"><a href=\"https:\/\/fr.gilbertgaillard.com\/\">Gilbert &amp; Gaillard<\/a><\/p>\n<\/div>\n<div class=\"composition_container product_custom_container\">\n<h6 class=\"composition_title\">Blending<\/h6>\n<div class=\"cepage_container\">\n<p class=\"cepage_dose\">40%<\/p>\n<p class=\"cepage_name\">Pinot noir<\/p>\n<\/div>\n<div class=\"cepage_container\">\n<p class=\"cepage_dose\">20%<\/p>\n<p class=\"cepage_name\">Pinot meunier<\/p>\n<\/div>\n<div class=\"cepage_container\">\n<p class=\"cepage_dose\">40%<\/p>\n<p class=\"cepage_name\">Chardonnay<\/p>\n<\/div>\n<\/div>\n<div class=\"mets_vins_container product_custom_container\">\n<h6 class=\"mets_vins_title\">Food and wine pairing<\/h6>\n<ul class=\"mets_vins_list\">\n<li class=\"mets_vins_item\">Fried scallops<\/li>\n<li class=\"mets_vins_item\">Cod fillet wrapped in foil<\/li>\n<li class=\"mets_vins_item\">Mirabelle tart<\/li>\n<\/ul>\n<\/div>","protected":false},"excerpt":{"rendered":"<p>Le Temps d&rsquo;un Instant, Laissez vous envahir par une sensation de velours, plaisir unique et divin que procure cette Grande Cuv\u00e9e Juliana Mill\u00e9sim\u00e9e 2015, issue d&rsquo;une s\u00e9lection de terroirs exceptionnels. A r\u00e9server pour vos c\u00e9l\u00e9brations.*A \u00e9puisement de ce Mill\u00e9sime, il sera remplac\u00e9 par le Mill\u00e9sime suivant. Concours International Gilbert &#038; Gaillard 2021 : m\u00e9daille 92 [&hellip;]<\/p>","protected":false},"featured_media":9077,"template":"","meta":[],"product_brand":[],"product_cat":[142],"product_tag":[],"class_list":{"0":"post-4039","1":"product","2":"type-product","3":"status-publish","4":"has-post-thumbnail","6":"product_cat-l-unique","8":"first","9":"instock","10":"shipping-taxable","11":"purchasable","12":"product-type-simple"},"_links":{"self":[{"href":"https:\/\/champagne-oudart.com\/en\/wp-json\/wp\/v2\/product\/4039","targetHints":{"allow":["GET"]}}],"collection":[{"href":"https:\/\/champagne-oudart.com\/en\/wp-json\/wp\/v2\/product"}],"about":[{"href":"https:\/\/champagne-oudart.com\/en\/wp-json\/wp\/v2\/types\/product"}],"wp:featuredmedia":[{"embeddable":true,"href":"https:\/\/champagne-oudart.com\/en\/wp-json\/wp\/v2\/media\/9077"}],"wp:attachment":[{"href":"https:\/\/champagne-oudart.com\/en\/wp-json\/wp\/v2\/media?parent=4039"}],"wp:term":[{"taxonomy":"product_brand","embeddable":true,"href":"https:\/\/champagne-oudart.com\/en\/wp-json\/wp\/v2\/product_brand?post=4039"},{"taxonomy":"product_cat","embeddable":true,"href":"https:\/\/champagne-oudart.com\/en\/wp-json\/wp\/v2\/product_cat?post=4039"},{"taxonomy":"product_tag","embeddable":true,"href":"https:\/\/champagne-oudart.com\/en\/wp-json\/wp\/v2\/product_tag?post=4039"}],"curies":[{"name":"wp","href":"https:\/\/api.w.org\/{rel}","templated":true}]}}