{"id":8922,"date":"2024-05-14T14:58:35","date_gmt":"2024-05-14T13:58:35","guid":{"rendered":"https:\/\/champagne-oudart.com\/?post_type=product&#038;p=8922"},"modified":"2026-02-13T15:41:13","modified_gmt":"2026-02-13T14:41:13","slug":"sans-sulfites-ajoutes","status":"publish","type":"product","link":"https:\/\/champagne-oudart.com\/en\/product\/sans-sulfites-ajoutes\/","title":{"rendered":"Champagne Etienne Oudart, Brut sans sulfites ajout\u00e9s, AOC Champagne, Effervescent brut"},"content":{"rendered":"<div class=\"comments_container product_custom_container description_container\">\n<p class=\"comments_content\">\nLe Brut Nature Sans Sulfites Ajout\u00e9s est un champagne qui livre une mati\u00e8re fruit\u00e9e pr\u00e9cise avec beaucoup de puret\u00e9 et de nettet\u00e9.\n<\/p>\n<h6>Mill\u00e9sime<\/h6>\n<p>Vendange 2020<\/p>\n<h6>Situation<\/h6>\n<p>Coteaux sud d&rsquo;Epernay<\/p>\n<h6>Terroir<\/h6>\n<p>Sol d&rsquo;argile, de craie et de silex<\/p>\n<h6>\u00c0 la vigne<\/h6>\n<p>Vignoble certifi\u00e9 Haute valeur environnementale et Viticulture durable en Champagne.<\/p>\n<p>Sans herbicide ni insecticide.<\/p>\n<h6>Vinification<\/h6>\n<p>Vinification en cuve inox thermos-r\u00e9gul\u00e9e<\/p>\n<p>Fermentation malo-lactique 100%<\/p>\n<h6>\u00c9levage<\/h6>\n<p>Tirage: mars 2021<\/p>\n<p>D\u00e9gorgement: ao\u00fbt 2023<\/p>\n<h6>Donn\u00e9es techniques<\/h6>\n<p>Volume de production: 3000<\/p>\n<p>Superficie du vignoble: 10 ha<\/p>\n<p>\u00c2ge moyen des vignes: 55 ans<\/p>\n<p>Dosage: \u00ab\u00a0Z\u00e9ro\u00a0\u00bb g\/l<\/p>\n<h6>Potentiel de garde<\/h6>\n<p>A boire dans l&rsquo;ann\u00e9e, 2 \u00e0 3 ans<\/p>\n<h6>Aspect visuel<\/h6>\n<p>Or jaune p\u00e2le aux reflets jaune citron.<\/p>\n<h6>Au nez<\/h6>\n<p>Se montre net, \u00e9l\u00e9gant et concentr\u00e9. \u00c9voque des notes de fleurs d\u2019oranger, d\u2019ananas, de brioche, de noisette avec des accents \u00e9pic\u00e9s.<\/p>\n<h6>En bouche<\/h6>\n<p>Une effervescence cr\u00e9meuse, le Champagne d\u00e9veloppe une mati\u00e8re fruit\u00e9e pulpeuse et croquant, soulign\u00e9e par une acidit\u00e9 citronn\u00e9e.<\/p>\n<\/div>\n<div class=\"composition_container product_custom_container\">\n<h6 class=\"composition_title\">Blending<\/h6>\n<div class=\"cepage_container\">\n<p class=\"cepage_dose\">50%<\/p>\n<p class=\"cepage_name\">Pinot meunier<\/p>\n<\/div>\n<div class=\"cepage_container\">\n<p class=\"cepage_dose\">50%<\/p>\n<p class=\"cepage_name\">Chardonnay<\/p>\n<\/div>\n<div class=\"cepage_container\">\n<p class=\"cepage_dose\">12 % VOL.<\/p>\n<p class=\"cepage_name\">Sans sulfites ajout\u00e9s.<\/p>\n<\/div>\n<\/div>\n<div class=\"mets_vins_container product_custom_container\">\n<h6 class=\"mets_vins_title\">Food and wine pairing<\/h6>\n<ul class=\"mets_vins_list\">\n<li class=\"mets_vins_item\">Ap\u00e9ritif, Fromages, Fruits de mer, Crustac\u00e9s, Sp\u00e9cialit\u00e9s fran\u00e7aises, Viandes rouges<\/li>\n<\/ul>\n<\/div>","protected":false},"excerpt":{"rendered":"<p>Le Brut Nature Sans Sulfites Ajout\u00e9s est un champagne qui livre une mati\u00e8re fruit\u00e9e pr\u00e9cise avec beaucoup de puret\u00e9 et de nettet\u00e9. Mill\u00e9sime Vendange 2020 Situation Coteaux sud d&rsquo;Epernay Terroir Sol d&rsquo;argile, de craie et de silex \u00c0 la vigne Vignoble certifi\u00e9 Haute valeur environnementale et Viticulture durable en Champagne. Sans herbicide ni insecticide. Vinification [&hellip;]<\/p>","protected":false},"featured_media":9046,"template":"","meta":[],"product_brand":[],"product_cat":[203],"product_tag":[],"class_list":{"0":"post-8922","1":"product","2":"type-product","3":"status-publish","4":"has-post-thumbnail","6":"product_cat-les-expressives","8":"first","9":"outofstock","10":"shipping-taxable","11":"purchasable","12":"product-type-simple"},"_links":{"self":[{"href":"https:\/\/champagne-oudart.com\/en\/wp-json\/wp\/v2\/product\/8922","targetHints":{"allow":["GET"]}}],"collection":[{"href":"https:\/\/champagne-oudart.com\/en\/wp-json\/wp\/v2\/product"}],"about":[{"href":"https:\/\/champagne-oudart.com\/en\/wp-json\/wp\/v2\/types\/product"}],"wp:featuredmedia":[{"embeddable":true,"href":"https:\/\/champagne-oudart.com\/en\/wp-json\/wp\/v2\/media\/9046"}],"wp:attachment":[{"href":"https:\/\/champagne-oudart.com\/en\/wp-json\/wp\/v2\/media?parent=8922"}],"wp:term":[{"taxonomy":"product_brand","embeddable":true,"href":"https:\/\/champagne-oudart.com\/en\/wp-json\/wp\/v2\/product_brand?post=8922"},{"taxonomy":"product_cat","embeddable":true,"href":"https:\/\/champagne-oudart.com\/en\/wp-json\/wp\/v2\/product_cat?post=8922"},{"taxonomy":"product_tag","embeddable":true,"href":"https:\/\/champagne-oudart.com\/en\/wp-json\/wp\/v2\/product_tag?post=8922"}],"curies":[{"name":"wp","href":"https:\/\/api.w.org\/{rel}","templated":true}]}}