{"id":9037,"date":"2024-11-28T13:42:12","date_gmt":"2024-11-28T12:42:12","guid":{"rendered":"https:\/\/champagne-oudart.com\/?post_type=product&#038;p=9037"},"modified":"2025-02-13T18:28:25","modified_gmt":"2025-02-13T17:28:25","slug":"fine-de-champagne","status":"publish","type":"product","link":"https:\/\/champagne-oudart.com\/en\/product\/fine-de-champagne\/","title":{"rendered":"Fine de champagne"},"content":{"rendered":"<div class=\"description_container product_custom_container\"><b>For a moment, <\/b><span style=\"font-weight: 400; font-family: 'Montserrat';\"><br \/>\nPeacefully enjoy this fine Champagne brandy.<br \/>\nIf offers the delicacy of traditional distillation and the woodiness of a very long maturation in casks, inspiring quiet and wisdom.<\/span><\/div>","protected":false},"excerpt":{"rendered":"<p>Le Temps d&rsquo;un Instant, Profitez paisiblement de la finesse de cette eau de vie de Champagne. Toute la d\u00e9licatesse de la distillation traditionnelle, tout le bois\u00e9 d&rsquo;un tr\u00e8s long vieillissement en f\u00fbt inspirent la qui\u00e9tude et la sagesse.<\/p>","protected":false},"featured_media":5891,"template":"","meta":[],"product_brand":[],"product_cat":[206],"product_tag":[],"class_list":{"0":"post-9037","1":"product","2":"type-product","3":"status-publish","4":"has-post-thumbnail","6":"product_cat-les-tests","8":"first","9":"instock","10":"shipping-taxable","11":"purchasable","12":"product-type-simple"},"_links":{"self":[{"href":"https:\/\/champagne-oudart.com\/en\/wp-json\/wp\/v2\/product\/9037","targetHints":{"allow":["GET"]}}],"collection":[{"href":"https:\/\/champagne-oudart.com\/en\/wp-json\/wp\/v2\/product"}],"about":[{"href":"https:\/\/champagne-oudart.com\/en\/wp-json\/wp\/v2\/types\/product"}],"wp:featuredmedia":[{"embeddable":true,"href":"https:\/\/champagne-oudart.com\/en\/wp-json\/wp\/v2\/media\/5891"}],"wp:attachment":[{"href":"https:\/\/champagne-oudart.com\/en\/wp-json\/wp\/v2\/media?parent=9037"}],"wp:term":[{"taxonomy":"product_brand","embeddable":true,"href":"https:\/\/champagne-oudart.com\/en\/wp-json\/wp\/v2\/product_brand?post=9037"},{"taxonomy":"product_cat","embeddable":true,"href":"https:\/\/champagne-oudart.com\/en\/wp-json\/wp\/v2\/product_cat?post=9037"},{"taxonomy":"product_tag","embeddable":true,"href":"https:\/\/champagne-oudart.com\/en\/wp-json\/wp\/v2\/product_tag?post=9037"}],"curies":[{"name":"wp","href":"https:\/\/api.w.org\/{rel}","templated":true}]}}