{"id":9041,"date":"2024-11-28T13:46:47","date_gmt":"2024-11-28T12:46:47","guid":{"rendered":"https:\/\/champagne-oudart.com\/?post_type=product&#038;p=9041"},"modified":"2025-02-13T18:29:11","modified_gmt":"2025-02-13T17:29:11","slug":"marc-de-champagne","status":"publish","type":"product","link":"https:\/\/champagne-oudart.com\/en\/product\/marc-de-champagne\/","title":{"rendered":"Marc de champagne"},"content":{"rendered":"<div class=\"description_container product_custom_container\"><b>For a moment,<\/b><span style=\"font-weight: 400; font-family: 'Montserrat';\"><br \/>\nSavour at room temperature, iced or on the rocks. This generous brandy offers warm and subtle flavours.<\/span><\/div>","protected":false},"excerpt":{"rendered":"<p>Le Temps d&rsquo;un Instant, D\u00e9gustez \u00e0 temp\u00e9rature ambiante, frapp\u00e9e ou sur glace, cette eau de vie g\u00e9n\u00e9reuse aux ar\u00f4mes chauds et subtils.<\/p>","protected":false},"featured_media":5892,"template":"","meta":[],"product_brand":[],"product_cat":[206],"product_tag":[],"class_list":{"0":"post-9041","1":"product","2":"type-product","3":"status-publish","4":"has-post-thumbnail","6":"product_cat-les-tests","8":"first","9":"instock","10":"shipping-taxable","11":"purchasable","12":"product-type-simple"},"_links":{"self":[{"href":"https:\/\/champagne-oudart.com\/en\/wp-json\/wp\/v2\/product\/9041","targetHints":{"allow":["GET"]}}],"collection":[{"href":"https:\/\/champagne-oudart.com\/en\/wp-json\/wp\/v2\/product"}],"about":[{"href":"https:\/\/champagne-oudart.com\/en\/wp-json\/wp\/v2\/types\/product"}],"wp:featuredmedia":[{"embeddable":true,"href":"https:\/\/champagne-oudart.com\/en\/wp-json\/wp\/v2\/media\/5892"}],"wp:attachment":[{"href":"https:\/\/champagne-oudart.com\/en\/wp-json\/wp\/v2\/media?parent=9041"}],"wp:term":[{"taxonomy":"product_brand","embeddable":true,"href":"https:\/\/champagne-oudart.com\/en\/wp-json\/wp\/v2\/product_brand?post=9041"},{"taxonomy":"product_cat","embeddable":true,"href":"https:\/\/champagne-oudart.com\/en\/wp-json\/wp\/v2\/product_cat?post=9041"},{"taxonomy":"product_tag","embeddable":true,"href":"https:\/\/champagne-oudart.com\/en\/wp-json\/wp\/v2\/product_tag?post=9041"}],"curies":[{"name":"wp","href":"https:\/\/api.w.org\/{rel}","templated":true}]}}