{"id":9042,"date":"2024-11-28T13:49:05","date_gmt":"2024-11-28T12:49:05","guid":{"rendered":"https:\/\/champagne-oudart.com\/?post_type=product&#038;p=9042"},"modified":"2025-02-13T18:29:54","modified_gmt":"2025-02-13T17:29:54","slug":"ratafia","status":"publish","type":"product","link":"https:\/\/champagne-oudart.com\/en\/product\/ratafia\/","title":{"rendered":"Ratafia"},"content":{"rendered":"<div class=\"description_container product_custom_container\"><b>For a moment,<\/b><span style=\"font-weight: 400; font-family: 'Montserrat';\"><br \/>\nEnjoy this mistela for the aperitif. Drink it very cool. It comes perfectly with melon in spring,<br \/>\nand with foie gras for the winter festive season. As a desert wine, a chocolate fondue reveals it fully.<\/span><\/div>","protected":false},"excerpt":{"rendered":"<p>Le Temps d&rsquo;un Instant, Faites vous plaisir \u00e0 l&rsquo;ap\u00e9ritif avec ce mistelle \u00e0 d\u00e9guster tr\u00e8s frais. Il accompagne d\u00e9licieusement le melon au printemps, et le foie gras durant les f\u00eates de fin d&rsquo;ann\u00e9e. En vin de dessert, il se r\u00e9v\u00e8le pleinement sur une fondue au chocolat.<\/p>","protected":false},"featured_media":5893,"template":"","meta":[],"product_brand":[],"product_cat":[206],"product_tag":[],"class_list":{"0":"post-9042","1":"product","2":"type-product","3":"status-publish","4":"has-post-thumbnail","6":"product_cat-les-tests","8":"first","9":"instock","10":"shipping-taxable","11":"purchasable","12":"product-type-simple"},"_links":{"self":[{"href":"https:\/\/champagne-oudart.com\/en\/wp-json\/wp\/v2\/product\/9042","targetHints":{"allow":["GET"]}}],"collection":[{"href":"https:\/\/champagne-oudart.com\/en\/wp-json\/wp\/v2\/product"}],"about":[{"href":"https:\/\/champagne-oudart.com\/en\/wp-json\/wp\/v2\/types\/product"}],"wp:featuredmedia":[{"embeddable":true,"href":"https:\/\/champagne-oudart.com\/en\/wp-json\/wp\/v2\/media\/5893"}],"wp:attachment":[{"href":"https:\/\/champagne-oudart.com\/en\/wp-json\/wp\/v2\/media?parent=9042"}],"wp:term":[{"taxonomy":"product_brand","embeddable":true,"href":"https:\/\/champagne-oudart.com\/en\/wp-json\/wp\/v2\/product_brand?post=9042"},{"taxonomy":"product_cat","embeddable":true,"href":"https:\/\/champagne-oudart.com\/en\/wp-json\/wp\/v2\/product_cat?post=9042"},{"taxonomy":"product_tag","embeddable":true,"href":"https:\/\/champagne-oudart.com\/en\/wp-json\/wp\/v2\/product_tag?post=9042"}],"curies":[{"name":"wp","href":"https:\/\/api.w.org\/{rel}","templated":true}]}}